{"id":2509,"date":"2025-07-25T11:44:16","date_gmt":"2025-07-25T11:44:16","guid":{"rendered":"https:\/\/kulkitabevi.com\/?post_type=product&#038;p=2509"},"modified":"2025-07-29T06:40:09","modified_gmt":"2025-07-29T06:40:09","slug":"takev-12-fl-fm-kirtasiye","status":"publish","type":"product","link":"https:\/\/kulkitabevi.com\/index.php\/urun\/takev-12-fl-fm-kirtasiye\/","title":{"rendered":"TAKEV 12.SINIF FL\/FM KIRTAS\u0130YE"},"content":{"rendered":"<table style=\"height: 256px;\" width=\"750\">\n<tbody>\n<tr>\n<td style=\"text-align: center;\" width=\"364\"><strong>MALIN C\u0130NS\u0130<\/strong><\/td>\n<td width=\"65\"><strong>\u00dcR\u00dcN<\/strong><\/td>\n<td width=\"50\"><strong>ADET<\/strong><\/td>\n<td width=\"58\"><strong>F\u0130YAT<\/strong><\/td>\n<td width=\"107\"><strong>TOPL. F\u0130YAT<\/strong><\/td>\n<\/tr>\n<tr>\n<td><strong>ALMANCA<\/strong><\/td>\n<td><\/td>\n<td><\/td>\n<td><\/td>\n<td><\/td>\n<\/tr>\n<tr>\n<td>40 YAPRAK KAREL\u0130 A4 DEFTER<\/td>\n<td>MYNOTE<\/td>\n<td style=\"text-align: center;\">1<\/td>\n<td>\u20ba65,00<\/td>\n<td>\u20ba65,00<\/td>\n<\/tr>\n<tr>\n<td>20&#8217;L\u0130K DATABOOK<\/td>\n<td>NOK\u0130<\/td>\n<td style=\"text-align: center;\">1<\/td>\n<td>\u20ba120,00<\/td>\n<td>\u20ba120,00<\/td>\n<\/tr>\n<tr>\n<td><strong>MATEMAT\u0130K<\/strong><\/td>\n<td><\/td>\n<td><\/td>\n<td><\/td>\n<td><\/td>\n<\/tr>\n<tr>\n<td>120 YAPRAKLI KAREL\u0130 HAR\u0130TA METOD DEFTER<\/td>\n<td>MYNOTE<\/td>\n<td style=\"text-align: center;\">1<\/td>\n<td>\u20ba125,00<\/td>\n<td>\u20ba125,00<\/td>\n<\/tr>\n<tr>\n<td><strong>TAR\u0130H<\/strong><\/td>\n<td><\/td>\n<td><\/td>\n<td><\/td>\n<td><\/td>\n<\/tr>\n<tr>\n<td>80 YAPRAK DOSYALI A4 HAR\u0130TA METOD DEFTER<\/td>\n<td>\u00c7INAR<\/td>\n<td style=\"text-align: center;\">1<\/td>\n<td>\u20ba320,00<\/td>\n<td>\u20ba320,00<\/td>\n<\/tr>\n<tr>\n<td><strong>D\u0130N K\u00dcLT\u00dcR\u00dc<\/strong><\/td>\n<td><\/td>\n<td><\/td>\n<td><\/td>\n<td><\/td>\n<\/tr>\n<tr>\n<td>40 YAPRAK \u00c7\u0130ZG\u0130L\u0130 A4 HAR\u0130TA METOD DEFTER<\/td>\n<td>MYNOTE<\/td>\n<td style=\"text-align: center;\">1<\/td>\n<td>\u20ba65,00<\/td>\n<td>\u20ba65,00<\/td>\n<\/tr>\n<tr>\n<td><\/td>\n<td><\/td>\n<td><\/td>\n<td><\/td>\n<td><strong>\u20ba695,00<\/strong><\/td>\n<\/tr>\n<\/tbody>\n<\/table>\n","protected":false},"excerpt":{"rendered":"<p>MALIN C\u0130NS\u0130 \u00dcR\u00dcN ADET F\u0130YAT TOPL. F\u0130YAT ALMANCA 40 YAPRAK KAREL\u0130 A4 DEFTER MYNOTE 1 \u20ba65,00 \u20ba65,00 20&#8217;L\u0130K DATABOOK NOK\u0130 1 \u20ba120,00 \u20ba120,00 MATEMAT\u0130K 120 YAPRAKLI KAREL\u0130 HAR\u0130TA METOD DEFTER MYNOTE 1 \u20ba125,00 \u20ba125,00 TAR\u0130H 80 YAPRAK DOSYALI A4 HAR\u0130TA METOD DEFTER \u00c7INAR 1 \u20ba320,00 \u20ba320,00 D\u0130N K\u00dcLT\u00dcR\u00dc 40 YAPRAK \u00c7\u0130ZG\u0130L\u0130 A4 HAR\u0130TA METOD DEFTER [&hellip;]<\/p>\n","protected":false},"featured_media":2942,"template":"","meta":{"_acf_changed":false,"ocean_post_layout":"","ocean_both_sidebars_style":"","ocean_both_sidebars_content_width":0,"ocean_both_sidebars_sidebars_width":0,"ocean_sidebar":"0","ocean_second_sidebar":"0","ocean_disable_margins":"enable","ocean_add_body_class":"","ocean_shortcode_before_top_bar":"","ocean_shortcode_after_top_bar":"","ocean_shortcode_before_header":"","ocean_shortcode_after_header":"","ocean_has_shortcode":"","ocean_shortcode_after_title":"","ocean_shortcode_before_footer_widgets":"","ocean_shortcode_after_footer_widgets":"","ocean_shortcode_before_footer_bottom":"","ocean_shortcode_after_footer_bottom":"","ocean_display_top_bar":"default","ocean_display_header":"default","ocean_header_style":"","ocean_center_header_left_menu":"0","ocean_custom_header_template":"0","ocean_custom_logo":0,"ocean_custom_retina_logo":0,"ocean_custom_logo_max_width":0,"ocean_custom_logo_tablet_max_width":0,"ocean_custom_logo_mobile_max_width":0,"ocean_custom_logo_max_height":0,"ocean_custom_logo_tablet_max_height":0,"ocean_custom_logo_mobile_max_height":0,"ocean_header_custom_menu":"0","ocean_menu_typo_font_family":"0","ocean_menu_typo_font_subset":"","ocean_menu_typo_font_size":0,"ocean_menu_typo_font_size_tablet":0,"ocean_menu_typo_font_size_mobile":0,"ocean_menu_typo_font_size_unit":"px","ocean_menu_typo_font_weight":"","ocean_menu_typo_font_weight_tablet":"","ocean_menu_typo_font_weight_mobile":"","ocean_menu_typo_transform":"","ocean_menu_typo_transform_tablet":"","ocean_menu_typo_transform_mobile":"","ocean_menu_typo_line_height":0,"ocean_menu_typo_line_height_tablet":0,"ocean_menu_typo_line_height_mobile":0,"ocean_menu_typo_line_height_unit":"","ocean_menu_typo_spacing":0,"ocean_menu_typo_spacing_tablet":0,"ocean_menu_typo_spacing_mobile":0,"ocean_menu_typo_spacing_unit":"","ocean_menu_link_color":"","ocean_menu_link_color_hover":"","ocean_menu_link_color_active":"","ocean_menu_link_background":"","ocean_menu_link_hover_background":"","ocean_menu_link_active_background":"","ocean_menu_social_links_bg":"","ocean_menu_social_hover_links_bg":"","ocean_menu_social_links_color":"","ocean_menu_social_hover_links_color":"","ocean_disable_title":"default","ocean_disable_heading":"default","ocean_post_title":"","ocean_post_subheading":"","ocean_post_title_style":"","ocean_post_title_background_color":"","ocean_post_title_background":0,"ocean_post_title_bg_image_position":"","ocean_post_title_bg_image_attachment":"","ocean_post_title_bg_image_repeat":"","ocean_post_title_bg_image_size":"","ocean_post_title_height":0,"ocean_post_title_bg_overlay":0.5,"ocean_post_title_bg_overlay_color":"","ocean_disable_breadcrumbs":"default","ocean_breadcrumbs_color":"","ocean_breadcrumbs_separator_color":"","ocean_breadcrumbs_links_color":"","ocean_breadcrumbs_links_hover_color":"","ocean_display_footer_widgets":"default","ocean_display_footer_bottom":"default","ocean_custom_footer_template":"0","omw_enable_modal_window":"enable"},"product_brand":[],"product_cat":[137],"product_tag":[147],"class_list":{"0":"post-2509","1":"product","2":"type-product","3":"status-publish","4":"has-post-thumbnail","6":"product_cat-kirtasiye","7":"product_tag-kirtasiye-12-fl-fm","9":"entry","10":"has-media","12":"first","13":"instock","14":"taxable","15":"shipping-taxable","16":"purchasable","17":"product-type-simple","18":"col","19":"span_1_of_3","20":"owp-content-center","21":"owp-thumbs-layout-horizontal","22":"owp-btn-normal","23":"owp-tabs-layout-horizontal","24":"has-no-thumbnails"},"acf":[],"_links":{"self":[{"href":"https:\/\/kulkitabevi.com\/index.php\/wp-json\/wp\/v2\/product\/2509","targetHints":{"allow":["GET"]}}],"collection":[{"href":"https:\/\/kulkitabevi.com\/index.php\/wp-json\/wp\/v2\/product"}],"about":[{"href":"https:\/\/kulkitabevi.com\/index.php\/wp-json\/wp\/v2\/types\/product"}],"wp:featuredmedia":[{"embeddable":true,"href":"https:\/\/kulkitabevi.com\/index.php\/wp-json\/wp\/v2\/media\/2942"}],"wp:attachment":[{"href":"https:\/\/kulkitabevi.com\/index.php\/wp-json\/wp\/v2\/media?parent=2509"}],"wp:term":[{"taxonomy":"product_brand","embeddable":true,"href":"https:\/\/kulkitabevi.com\/index.php\/wp-json\/wp\/v2\/product_brand?post=2509"},{"taxonomy":"product_cat","embeddable":true,"href":"https:\/\/kulkitabevi.com\/index.php\/wp-json\/wp\/v2\/product_cat?post=2509"},{"taxonomy":"product_tag","embeddable":true,"href":"https:\/\/kulkitabevi.com\/index.php\/wp-json\/wp\/v2\/product_tag?post=2509"}],"curies":[{"name":"wp","href":"https:\/\/api.w.org\/{rel}","templated":true}]}}