{"id":2516,"date":"2025-07-25T12:42:49","date_gmt":"2025-07-25T12:42:49","guid":{"rendered":"https:\/\/kulkitabevi.com\/?post_type=product&#038;p=2516"},"modified":"2025-07-30T08:54:10","modified_gmt":"2025-07-30T08:54:10","slug":"takev-12-sinif-dil-temel-set","status":"publish","type":"product","link":"https:\/\/kulkitabevi.com\/index.php\/urun\/takev-12-sinif-dil-temel-set\/","title":{"rendered":"TAKEV 12.SINIF D\u0130L TEMEL SET"},"content":{"rendered":"<table style=\"height: 502px\" width=\"715\">\n<tbody>\n<tr>\n<td width=\"418\">\n<h3><strong>12. SINIF D\u0130L T\u00dcRK\u00c7E K\u0130TAPLARI<\/strong><\/h3>\n<\/td>\n<td width=\"99\">\n<h3><strong>YAYINEV\u0130<\/strong><\/h3>\n<\/td>\n<td width=\"72\">\n<h3><strong>TUTAR<\/strong><\/h3>\n<\/td>\n<\/tr>\n<tr>\n<td>DAF MATEMAT\u0130K-1<\/td>\n<td>E\u0130S<\/td>\n<td>\u20ba675,00<\/td>\n<\/tr>\n<tr>\n<td>DAF GEOMETR\u0130-1<\/td>\n<td>E\u0130S<\/td>\n<td>\u20ba648,00<\/td>\n<\/tr>\n<tr>\n<td>TYT TAR\u0130H SORU BANKASI<\/td>\n<td>E\u0130S<\/td>\n<td>\u20ba389,00<\/td>\n<\/tr>\n<tr>\n<td>KOZ TYT-AYT TAR\u0130H SORU BANKASI<\/td>\n<td>E\u0130S<\/td>\n<td>\u20ba432,00<\/td>\n<\/tr>\n<tr>\n<td>CO\u011eRAFYA-1 MAV\u0130 SET<\/td>\n<td>E\u0130S<\/td>\n<td>\u20ba641,00<\/td>\n<\/tr>\n<tr>\n<td>CO\u011eRAFYA-2 MAV\u0130 SET<\/td>\n<td>E\u0130S<\/td>\n<td>\u20ba594,00<\/td>\n<\/tr>\n<tr>\n<td width=\"418\">TYT CO\u011eRAFYA SORU BANKASI<\/td>\n<td>V\u0130P<\/td>\n<td>\u20ba575,00<\/td>\n<\/tr>\n<tr>\n<td>AYT CO\u011eRAFYA SORU BANKASI<\/td>\n<td>V\u0130P<\/td>\n<td>\u20ba575,00<\/td>\n<\/tr>\n<tr>\n<td>TYT FELSEFE ANLATIM MOD\u00dcL\u00dc 4*4<\/td>\n<td>PAYLA\u015eIM<\/td>\n<td>\u20ba399,00<\/td>\n<\/tr>\n<tr>\n<td>IQ T\u00dcRK\u00c7E P\u00dcF SORU BANKASI<\/td>\n<td>PARAF<\/td>\n<td>\u20ba549,00<\/td>\n<\/tr>\n<tr>\n<td>IQ PARAGRAFIN P\u00dcF NOKTALARI SORU BANKASI<\/td>\n<td>PARAF<\/td>\n<td>\u20ba499,00<\/td>\n<\/tr>\n<tr>\n<td style=\"text-align: right\"><strong>T\u00dcRK\u00c7E TOPLAM K\u0130TAP \u00dcCRET\u0130<\/strong><\/td>\n<td><\/td>\n<td><strong>\u20ba5.976,00<\/strong><\/td>\n<\/tr>\n<tr>\n<td><\/td>\n<td><\/td>\n<td><\/td>\n<\/tr>\n<tr>\n<td><strong>ZORUNLU SET<\/strong><\/td>\n<td><\/td>\n<td><\/td>\n<\/tr>\n<tr>\n<td>YILLIK DENEME SINAVLARI<\/td>\n<td>SINAV<\/td>\n<td>\u20ba7.850,00<\/td>\n<\/tr>\n<tr>\n<td>EL\u0130T ANAL\u0130Z D\u0130J\u0130TAL VE K\u0130\u015e\u0130YE \u00d6ZEL K\u0130TAP<\/td>\n<td>EL\u0130T<\/td>\n<td>\u20ba1.500,00<\/td>\n<\/tr>\n<tr>\n<td style=\"text-align: right\"><strong>ZORUNLU SET \u00dcCRET\u0130<\/strong><\/td>\n<td><\/td>\n<td><strong>\u20ba9.350,00<\/strong><\/td>\n<\/tr>\n<\/tbody>\n<\/table>\n","protected":false},"excerpt":{"rendered":"<h3><span style=\"color: #ff0000\">KIRTAS\u0130YE HAR\u0130\u00c7 GEREKL\u0130 T\u00dcM DERS MATERYALLER\u0130N\u0130 \u0130\u00c7ER\u0130R.<\/span><\/h3>\n","protected":false},"featured_media":2471,"template":"","meta":{"_acf_changed":false,"ocean_post_layout":"","ocean_both_sidebars_style":"","ocean_both_sidebars_content_width":0,"ocean_both_sidebars_sidebars_width":0,"ocean_sidebar":"","ocean_second_sidebar":"","ocean_disable_margins":"enable","ocean_add_body_class":"","ocean_shortcode_before_top_bar":"","ocean_shortcode_after_top_bar":"","ocean_shortcode_before_header":"","ocean_shortcode_after_header":"","ocean_has_shortcode":"","ocean_shortcode_after_title":"","ocean_shortcode_before_footer_widgets":"","ocean_shortcode_after_footer_widgets":"","ocean_shortcode_before_footer_bottom":"","ocean_shortcode_after_footer_bottom":"","ocean_display_top_bar":"default","ocean_display_header":"default","ocean_header_style":"","ocean_center_header_left_menu":"","ocean_custom_header_template":"","ocean_custom_logo":0,"ocean_custom_retina_logo":0,"ocean_custom_logo_max_width":0,"ocean_custom_logo_tablet_max_width":0,"ocean_custom_logo_mobile_max_width":0,"ocean_custom_logo_max_height":0,"ocean_custom_logo_tablet_max_height":0,"ocean_custom_logo_mobile_max_height":0,"ocean_header_custom_menu":"","ocean_menu_typo_font_family":"","ocean_menu_typo_font_subset":"","ocean_menu_typo_font_size":0,"ocean_menu_typo_font_size_tablet":0,"ocean_menu_typo_font_size_mobile":0,"ocean_menu_typo_font_size_unit":"px","ocean_menu_typo_font_weight":"","ocean_menu_typo_font_weight_tablet":"","ocean_menu_typo_font_weight_mobile":"","ocean_menu_typo_transform":"","ocean_menu_typo_transform_tablet":"","ocean_menu_typo_transform_mobile":"","ocean_menu_typo_line_height":0,"ocean_menu_typo_line_height_tablet":0,"ocean_menu_typo_line_height_mobile":0,"ocean_menu_typo_line_height_unit":"","ocean_menu_typo_spacing":0,"ocean_menu_typo_spacing_tablet":0,"ocean_menu_typo_spacing_mobile":0,"ocean_menu_typo_spacing_unit":"","ocean_menu_link_color":"","ocean_menu_link_color_hover":"","ocean_menu_link_color_active":"","ocean_menu_link_background":"","ocean_menu_link_hover_background":"","ocean_menu_link_active_background":"","ocean_menu_social_links_bg":"","ocean_menu_social_hover_links_bg":"","ocean_menu_social_links_color":"","ocean_menu_social_hover_links_color":"","ocean_disable_title":"default","ocean_disable_heading":"default","ocean_post_title":"","ocean_post_subheading":"","ocean_post_title_style":"","ocean_post_title_background_color":"","ocean_post_title_background":0,"ocean_post_title_bg_image_position":"","ocean_post_title_bg_image_attachment":"","ocean_post_title_bg_image_repeat":"","ocean_post_title_bg_image_size":"","ocean_post_title_height":0,"ocean_post_title_bg_overlay":0.5,"ocean_post_title_bg_overlay_color":"","ocean_disable_breadcrumbs":"default","ocean_breadcrumbs_color":"","ocean_breadcrumbs_separator_color":"","ocean_breadcrumbs_links_color":"","ocean_breadcrumbs_links_hover_color":"","ocean_display_footer_widgets":"default","ocean_display_footer_bottom":"default","ocean_custom_footer_template":"","omw_enable_modal_window":"enable"},"product_brand":[],"product_cat":[154,132],"product_tag":[155],"class_list":{"0":"post-2516","1":"product","2":"type-product","3":"status-publish","4":"has-post-thumbnail","6":"product_cat-12-dil","7":"product_cat-12-sinif","8":"product_tag-12-dil","10":"entry","11":"has-media","13":"first","14":"instock","15":"taxable","16":"shipping-taxable","17":"purchasable","18":"product-type-simple","19":"col","20":"span_1_of_3","21":"owp-content-center","22":"owp-thumbs-layout-horizontal","23":"owp-btn-normal","24":"owp-tabs-layout-horizontal","25":"has-no-thumbnails"},"acf":[],"_links":{"self":[{"href":"https:\/\/kulkitabevi.com\/index.php\/wp-json\/wp\/v2\/product\/2516","targetHints":{"allow":["GET"]}}],"collection":[{"href":"https:\/\/kulkitabevi.com\/index.php\/wp-json\/wp\/v2\/product"}],"about":[{"href":"https:\/\/kulkitabevi.com\/index.php\/wp-json\/wp\/v2\/types\/product"}],"wp:featuredmedia":[{"embeddable":true,"href":"https:\/\/kulkitabevi.com\/index.php\/wp-json\/wp\/v2\/media\/2471"}],"wp:attachment":[{"href":"https:\/\/kulkitabevi.com\/index.php\/wp-json\/wp\/v2\/media?parent=2516"}],"wp:term":[{"taxonomy":"product_brand","embeddable":true,"href":"https:\/\/kulkitabevi.com\/index.php\/wp-json\/wp\/v2\/product_brand?post=2516"},{"taxonomy":"product_cat","embeddable":true,"href":"https:\/\/kulkitabevi.com\/index.php\/wp-json\/wp\/v2\/product_cat?post=2516"},{"taxonomy":"product_tag","embeddable":true,"href":"https:\/\/kulkitabevi.com\/index.php\/wp-json\/wp\/v2\/product_tag?post=2516"}],"curies":[{"name":"wp","href":"https:\/\/api.w.org\/{rel}","templated":true}]}}