{"id":2552,"date":"2025-07-26T09:37:17","date_gmt":"2025-07-26T09:37:17","guid":{"rendered":"https:\/\/kulkitabevi.com\/?post_type=product&#038;p=2552"},"modified":"2025-07-29T14:37:11","modified_gmt":"2025-07-29T14:37:11","slug":"takev-6-sinif-zorunlu-set","status":"publish","type":"product","link":"https:\/\/kulkitabevi.com\/index.php\/urun\/takev-6-sinif-zorunlu-set\/","title":{"rendered":"TAKEV 6.SINIF ZORUNLU SET"},"content":{"rendered":"<table style=\"height: 210px\" width=\"889\">\n<tbody>\n<tr>\n<td width=\"64\">\n<h3><strong>SINIF<\/strong><\/h3>\n<\/td>\n<td width=\"277\">\n<h3><strong>D\u0130J\u0130TAL SETLER<\/strong><\/h3>\n<\/td>\n<td width=\"175\"><\/td>\n<td width=\"100\">\n<h3><strong>TUTAR<\/strong><\/h3>\n<\/td>\n<\/tr>\n<tr>\n<td>6<\/td>\n<td>DERS L\u0130G\u0130<\/td>\n<td><\/td>\n<td>\u20ba4.140,00<\/td>\n<\/tr>\n<tr>\n<td>6<\/td>\n<td>HAYAL B\u0130LG\u0130S\u0130 VE E\u011e\u0130T. S\u0130ST.D\u00dc\u015e\u00dcNCES\u0130<\/td>\n<td><\/td>\n<td>\u20ba1.175,00<\/td>\n<\/tr>\n<tr>\n<td>6<\/td>\n<td>KODR\u0130S STUD\u0130O PAKET<\/td>\n<td><\/td>\n<td>\u20ba1.699,00<\/td>\n<\/tr>\n<tr>\n<td>6<\/td>\n<td>FEN DENEY SET\u0130<\/td>\n<td><\/td>\n<td>\u20ba1.100,00<\/td>\n<\/tr>\n<tr>\n<td>6<\/td>\n<td>Kolibri Bookr Dijital Paket<\/td>\n<td><\/td>\n<td>\u20ba2.640,00<\/td>\n<\/tr>\n<tr>\n<td>6<\/td>\n<td>GLOBED ROSEN LEVELUP + ART SPOT<\/td>\n<td><\/td>\n<td>\u20ba2.720,00<\/td>\n<\/tr>\n<tr>\n<td>6<\/td>\n<td>SINAV PAKET\u0130<\/td>\n<td><\/td>\n<td>\u20ba1.750,00<\/td>\n<\/tr>\n<tr>\n<td><\/td>\n<td><\/td>\n<td><strong>D\u0130J\u0130TAL SET TOPLAMI<\/strong><\/td>\n<td><strong>\u20ba15.224,00<\/strong><\/td>\n<\/tr>\n<\/tbody>\n<\/table>\n","protected":false},"excerpt":{"rendered":"<p>SINIF D\u0130J\u0130TAL SETLER TUTAR 6 DERS L\u0130G\u0130 \u20ba4.140,00 6 HAYAL B\u0130LG\u0130S\u0130 VE E\u011e\u0130T. S\u0130ST.D\u00dc\u015e\u00dcNCES\u0130 \u20ba1.175,00 6 KODR\u0130S STUD\u0130O PAKET \u20ba1.699,00 6 FEN DENEY SET\u0130 \u20ba1.100,00 6 Kolibri Bookr Dijital Paket \u20ba2.640,00 6 GLOBED ROSEN LEVELUP + ART SPOT \u20ba2.720,00 6 SINAV PAKET\u0130 \u20ba1.750,00 D\u0130J\u0130TAL SET TOPLAMI \u20ba15.224,00<\/p>\n","protected":false},"featured_media":2537,"template":"","meta":{"_acf_changed":false,"ocean_post_layout":"","ocean_both_sidebars_style":"","ocean_both_sidebars_content_width":0,"ocean_both_sidebars_sidebars_width":0,"ocean_sidebar":"","ocean_second_sidebar":"","ocean_disable_margins":"enable","ocean_add_body_class":"","ocean_shortcode_before_top_bar":"","ocean_shortcode_after_top_bar":"","ocean_shortcode_before_header":"","ocean_shortcode_after_header":"","ocean_has_shortcode":"","ocean_shortcode_after_title":"","ocean_shortcode_before_footer_widgets":"","ocean_shortcode_after_footer_widgets":"","ocean_shortcode_before_footer_bottom":"","ocean_shortcode_after_footer_bottom":"","ocean_display_top_bar":"default","ocean_display_header":"default","ocean_header_style":"","ocean_center_header_left_menu":"","ocean_custom_header_template":"","ocean_custom_logo":0,"ocean_custom_retina_logo":0,"ocean_custom_logo_max_width":0,"ocean_custom_logo_tablet_max_width":0,"ocean_custom_logo_mobile_max_width":0,"ocean_custom_logo_max_height":0,"ocean_custom_logo_tablet_max_height":0,"ocean_custom_logo_mobile_max_height":0,"ocean_header_custom_menu":"","ocean_menu_typo_font_family":"","ocean_menu_typo_font_subset":"","ocean_menu_typo_font_size":0,"ocean_menu_typo_font_size_tablet":0,"ocean_menu_typo_font_size_mobile":0,"ocean_menu_typo_font_size_unit":"px","ocean_menu_typo_font_weight":"","ocean_menu_typo_font_weight_tablet":"","ocean_menu_typo_font_weight_mobile":"","ocean_menu_typo_transform":"","ocean_menu_typo_transform_tablet":"","ocean_menu_typo_transform_mobile":"","ocean_menu_typo_line_height":0,"ocean_menu_typo_line_height_tablet":0,"ocean_menu_typo_line_height_mobile":0,"ocean_menu_typo_line_height_unit":"","ocean_menu_typo_spacing":0,"ocean_menu_typo_spacing_tablet":0,"ocean_menu_typo_spacing_mobile":0,"ocean_menu_typo_spacing_unit":"","ocean_menu_link_color":"","ocean_menu_link_color_hover":"","ocean_menu_link_color_active":"","ocean_menu_link_background":"","ocean_menu_link_hover_background":"","ocean_menu_link_active_background":"","ocean_menu_social_links_bg":"","ocean_menu_social_hover_links_bg":"","ocean_menu_social_links_color":"","ocean_menu_social_hover_links_color":"","ocean_disable_title":"default","ocean_disable_heading":"default","ocean_post_title":"","ocean_post_subheading":"","ocean_post_title_style":"","ocean_post_title_background_color":"","ocean_post_title_background":0,"ocean_post_title_bg_image_position":"","ocean_post_title_bg_image_attachment":"","ocean_post_title_bg_image_repeat":"","ocean_post_title_bg_image_size":"","ocean_post_title_height":0,"ocean_post_title_bg_overlay":0.5,"ocean_post_title_bg_overlay_color":"","ocean_disable_breadcrumbs":"default","ocean_breadcrumbs_color":"","ocean_breadcrumbs_separator_color":"","ocean_breadcrumbs_links_color":"","ocean_breadcrumbs_links_hover_color":"","ocean_display_footer_widgets":"default","ocean_display_footer_bottom":"default","ocean_custom_footer_template":"","omw_enable_modal_window":"enable"},"product_brand":[],"product_cat":[159],"product_tag":[160],"class_list":{"0":"post-2552","1":"product","2":"type-product","3":"status-publish","4":"has-post-thumbnail","6":"product_cat-6-sinif","7":"product_tag-6-sinif","9":"entry","10":"has-media","12":"first","13":"instock","14":"taxable","15":"shipping-taxable","16":"purchasable","17":"product-type-simple","18":"col","19":"span_1_of_3","20":"owp-content-center","21":"owp-thumbs-layout-horizontal","22":"owp-btn-normal","23":"owp-tabs-layout-horizontal","24":"has-no-thumbnails"},"acf":[],"_links":{"self":[{"href":"https:\/\/kulkitabevi.com\/index.php\/wp-json\/wp\/v2\/product\/2552","targetHints":{"allow":["GET"]}}],"collection":[{"href":"https:\/\/kulkitabevi.com\/index.php\/wp-json\/wp\/v2\/product"}],"about":[{"href":"https:\/\/kulkitabevi.com\/index.php\/wp-json\/wp\/v2\/types\/product"}],"wp:featuredmedia":[{"embeddable":true,"href":"https:\/\/kulkitabevi.com\/index.php\/wp-json\/wp\/v2\/media\/2537"}],"wp:attachment":[{"href":"https:\/\/kulkitabevi.com\/index.php\/wp-json\/wp\/v2\/media?parent=2552"}],"wp:term":[{"taxonomy":"product_brand","embeddable":true,"href":"https:\/\/kulkitabevi.com\/index.php\/wp-json\/wp\/v2\/product_brand?post=2552"},{"taxonomy":"product_cat","embeddable":true,"href":"https:\/\/kulkitabevi.com\/index.php\/wp-json\/wp\/v2\/product_cat?post=2552"},{"taxonomy":"product_tag","embeddable":true,"href":"https:\/\/kulkitabevi.com\/index.php\/wp-json\/wp\/v2\/product_tag?post=2552"}],"curies":[{"name":"wp","href":"https:\/\/api.w.org\/{rel}","templated":true}]}}