{"id":2559,"date":"2025-07-26T10:50:30","date_gmt":"2025-07-26T10:50:30","guid":{"rendered":"https:\/\/kulkitabevi.com\/?post_type=product&#038;p=2559"},"modified":"2025-07-29T14:32:59","modified_gmt":"2025-07-29T14:32:59","slug":"takev-5-sinif-mdu-temel-set","status":"publish","type":"product","link":"https:\/\/kulkitabevi.com\/index.php\/urun\/takev-5-sinif-mdu-temel-set\/","title":{"rendered":"TAKEV 5.SINIF &#8220;MDU&#8221; TEMEL SET"},"content":{"rendered":"<table style=\"height: 974px\" width=\"1424\">\n<tbody>\n<tr>\n<td width=\"64\">\n<h3><strong>SINIF<\/strong><\/h3>\n<\/td>\n<td width=\"312\">\n<h3><strong>T\u00dcRK\u00c7E K\u0130TAPLARI<\/strong><\/h3>\n<\/td>\n<td width=\"172\">\n<h3><strong>YAYINEV\u0130<\/strong><\/h3>\n<\/td>\n<td width=\"101\">\n<h3><strong>F\u0130YAT<\/strong><\/h3>\n<\/td>\n<\/tr>\n<tr>\n<td>5MDU<\/td>\n<td>MATEMAT\u0130K FAS\u0130KULLER\u0130<\/td>\n<td>FENOMEN<\/td>\n<td>\u20ba650,00<\/td>\n<\/tr>\n<tr>\n<td>5MDU<\/td>\n<td>MATEMAT\u0130K KONTAK TAK\u0130P DENEME<\/td>\n<td>PARAF<\/td>\n<td>\u20ba399,00<\/td>\n<\/tr>\n<tr>\n<td>5MDU<\/td>\n<td>SOSYAL B\u0130LG\u0130LER AKILLI DEFTER<\/td>\n<td>ARI<\/td>\n<td>\u20ba350,00<\/td>\n<\/tr>\n<tr>\n<td>5MDU<\/td>\n<td>SOSYAL B\u0130LG\u0130LER SORU BANKASI PREST\u0130J<\/td>\n<td>NARTEST<\/td>\n<td>\u20ba190,00<\/td>\n<\/tr>\n<tr>\n<td>5MDU<\/td>\n<td>\u00c7\u0130ZG\u0130LERLE ANADOLU UYGARLIKLARI-1<\/td>\n<td>\u00c7\u0130ZGE<\/td>\n<td>\u20ba270,00<\/td>\n<\/tr>\n<tr>\n<td>5MDU<\/td>\n<td>FEN YEN\u0130 NES\u0130L ALI\u015eTIRAN DEFTER<\/td>\n<td>\u00c7ANTA<\/td>\n<td>\u20ba350,00<\/td>\n<\/tr>\n<tr>\n<td>5MDU<\/td>\n<td>ALL STAR FEN SORU BANKASI<\/td>\n<td>NEWTON<\/td>\n<td>\u20ba300,00<\/td>\n<\/tr>\n<tr>\n<td>5MDU<\/td>\n<td>D\u0130NLEND\u0130REN DEFTER<\/td>\n<td>ARI<\/td>\n<td>\u20ba290,00<\/td>\n<\/tr>\n<tr>\n<td>5MDU<\/td>\n<td>T\u00dcRK\u00c7E YEN\u0130 NES\u0130L SORU BANKASI<\/td>\n<td>YANIT<\/td>\n<td>\u20ba559,00<\/td>\n<\/tr>\n<tr>\n<td>5MDU<\/td>\n<td>YUAN HUAN&#8217;IN KUL\u00dcBES\u0130<\/td>\n<td>TUDEM<\/td>\n<td>\u20ba180,00<\/td>\n<\/tr>\n<tr>\n<td>5MDU<\/td>\n<td>H\u0130\u00c7 K\u00dcSMEYEN ARKADA\u015e ARANIYOR<\/td>\n<td>\u0130THAK\u0130<\/td>\n<td>\u20ba240,00<\/td>\n<\/tr>\n<tr>\n<td>5MDU<\/td>\n<td>MUSTAFA KEMAL&#8217;\u0130N KAYIP SESLER\u0130N \u0130Z\u0130NDE<\/td>\n<td>B\u0130LG\u0130<\/td>\n<td>\u20ba195,00<\/td>\n<\/tr>\n<tr>\n<td>5MDU<\/td>\n<td width=\"312\">KARA OKLAR \u00c7ETES\u0130-1 B\u00dcY\u00dcK MACERA<\/td>\n<td>ELMA<\/td>\n<td>\u20ba349,00<\/td>\n<\/tr>\n<tr>\n<td>5MDU<\/td>\n<td width=\"312\">CUMHUR\u0130YET\u0130N \u0130LK \u00c7OCUKLARI<\/td>\n<td>EPS\u0130LON<\/td>\n<td>\u20ba175,00<\/td>\n<\/tr>\n<tr>\n<td>5MDU<\/td>\n<td width=\"312\">ENNO YA DA ASFALLTAK\u0130 KARAH\u0130ND\u0130BA<\/td>\n<td>KIRMIZI KED\u0130<\/td>\n<td>\u20ba200,00<\/td>\n<\/tr>\n<tr>\n<td>5MDU<\/td>\n<td width=\"312\">HAR\u0130TADA KAYBOLMAK<\/td>\n<td>G\u00dcN I\u015eI\u011eI<\/td>\n<td>\u20ba250,00<\/td>\n<\/tr>\n<tr>\n<td>5MDU<\/td>\n<td width=\"312\">EYVAH EKRANLAR KARARDI<\/td>\n<td>BEYAZ BAL\u0130NA<\/td>\n<td>\u20ba185,00<\/td>\n<\/tr>\n<tr>\n<td>5MDU<\/td>\n<td width=\"312\">RONN\u0130E G\u00d6LGEDEK\u0130 FISILTI<\/td>\n<td>CARPE D\u0130EM<\/td>\n<td>\u20ba200,00<\/td>\n<\/tr>\n<tr>\n<td>5MDU<\/td>\n<td width=\"312\">TOPRA\u011eIN ALTINDAK\u0130 SIR<\/td>\n<td>UYGUN<\/td>\n<td>\u20ba147,00<\/td>\n<\/tr>\n<tr>\n<td>5MDU<\/td>\n<td>HER Y\u00d6N\u00dcYLE M\u00dcZ\u0130K<\/td>\n<td>PORTEMEM<\/td>\n<td>\u20ba550,00<\/td>\n<\/tr>\n<tr>\n<td><\/td>\n<td><\/td>\n<td><strong>T\u00dcRK\u00c7E K\u0130TAP TOPLAMI<\/strong><\/td>\n<td><strong>\u20ba6.029,00<\/strong><\/td>\n<\/tr>\n<tr>\n<td><strong>SINIF<\/strong><\/td>\n<td><strong>\u0130NG\u0130L\u0130ZCE SET K\u0130TAPLARI<\/strong><\/td>\n<td><\/td>\n<td><\/td>\n<\/tr>\n<tr>\n<td>5MDU<\/td>\n<td>Harmonize 1 SB W\/OP PK<\/td>\n<td><\/td>\n<td>\u20ba2.980,00<\/td>\n<\/tr>\n<tr>\n<td>5MDU<\/td>\n<td>Harmonize 1 WB<\/td>\n<td><\/td>\n<td>\u20ba2.450,00<\/td>\n<\/tr>\n<tr>\n<td><\/td>\n<td><\/td>\n<td><strong>\u0130NG\u0130L\u0130ZCE K\u0130TAP TOPLAMI<\/strong><\/td>\n<td><strong>\u20ba5.430,00<\/strong><\/td>\n<\/tr>\n<tr>\n<td><strong>SINIF<\/strong><\/td>\n<td><strong>D\u0130J\u0130TAL SETLER<\/strong><\/td>\n<td><\/td>\n<td><\/td>\n<\/tr>\n<tr>\n<td>5MDU<\/td>\n<td>DERS L\u0130G\u0130<\/td>\n<td><\/td>\n<td>\u20ba4.140,00<\/td>\n<\/tr>\n<tr>\n<td>5MDU<\/td>\n<td>HAYAL B\u0130LG\u0130S\u0130 VE E\u011e\u0130T. S\u0130ST.D\u00dc\u015e\u00dcNCES\u0130<\/td>\n<td><\/td>\n<td>\u20ba1.175,00<\/td>\n<\/tr>\n<tr>\n<td>5MDU<\/td>\n<td>KODR\u0130S STUD\u0130O PAKET<\/td>\n<td><\/td>\n<td>\u20ba1.699,00<\/td>\n<\/tr>\n<tr>\n<td>5MDU<\/td>\n<td>Fen Deney Seti<\/td>\n<td><\/td>\n<td>\u20ba1.100,00<\/td>\n<\/tr>\n<tr>\n<td>5MDU<\/td>\n<td>Kolibri Bookr Dijital Paket<\/td>\n<td><\/td>\n<td>\u20ba2.640,00<\/td>\n<\/tr>\n<tr>\n<td>5MDU<\/td>\n<td>GLOBED ROSEN LEVELUP + ART SPOT<\/td>\n<td>SINAV<\/td>\n<td>\u20ba2.720,00<\/td>\n<\/tr>\n<tr>\n<td>5MDU<\/td>\n<td>SINAV PAKET\u0130<\/td>\n<td><\/td>\n<td>\u20ba1.750,00<\/td>\n<\/tr>\n<tr>\n<td><\/td>\n<td><\/td>\n<td><strong>D\u0130J\u0130TAL SET TOPLAMI<\/strong><\/td>\n<td><strong>\u20ba15.224,00<\/strong><\/td>\n<\/tr>\n<tr>\n<td><\/td>\n<td><\/td>\n<td><\/td>\n<td><\/td>\n<\/tr>\n<tr>\n<td><\/td>\n<td><\/td>\n<td><\/td>\n<td><\/td>\n<\/tr>\n<\/tbody>\n<\/table>\n","protected":false},"excerpt":{"rendered":"<p>SINIF T\u00dcRK\u00c7E K\u0130TAPLARI YAYINEV\u0130 F\u0130YAT 5MDU MATEMAT\u0130K FAS\u0130KULLER\u0130 FENOMEN \u20ba650,00 5MDU MATEMAT\u0130K KONTAK TAK\u0130P DENEME PARAF \u20ba399,00 5MDU SOSYAL B\u0130LG\u0130LER AKILLI DEFTER ARI \u20ba350,00 5MDU SOSYAL B\u0130LG\u0130LER SORU BANKASI PREST\u0130J NARTEST \u20ba190,00 5MDU \u00c7\u0130ZG\u0130LERLE ANADOLU UYGARLIKLARI-1 \u00c7\u0130ZGE \u20ba270,00 5MDU FEN YEN\u0130 NES\u0130L ALI\u015eTIRAN DEFTER \u00c7ANTA \u20ba350,00 5MDU ALL STAR FEN SORU BANKASI NEWTON \u20ba300,00 5MDU [&hellip;]<\/p>\n","protected":false},"featured_media":2471,"template":"","meta":{"_acf_changed":false,"ocean_post_layout":"","ocean_both_sidebars_style":"","ocean_both_sidebars_content_width":0,"ocean_both_sidebars_sidebars_width":0,"ocean_sidebar":"","ocean_second_sidebar":"","ocean_disable_margins":"enable","ocean_add_body_class":"","ocean_shortcode_before_top_bar":"","ocean_shortcode_after_top_bar":"","ocean_shortcode_before_header":"","ocean_shortcode_after_header":"","ocean_has_shortcode":"","ocean_shortcode_after_title":"","ocean_shortcode_before_footer_widgets":"","ocean_shortcode_after_footer_widgets":"","ocean_shortcode_before_footer_bottom":"","ocean_shortcode_after_footer_bottom":"","ocean_display_top_bar":"default","ocean_display_header":"default","ocean_header_style":"","ocean_center_header_left_menu":"","ocean_custom_header_template":"","ocean_custom_logo":0,"ocean_custom_retina_logo":0,"ocean_custom_logo_max_width":0,"ocean_custom_logo_tablet_max_width":0,"ocean_custom_logo_mobile_max_width":0,"ocean_custom_logo_max_height":0,"ocean_custom_logo_tablet_max_height":0,"ocean_custom_logo_mobile_max_height":0,"ocean_header_custom_menu":"","ocean_menu_typo_font_family":"","ocean_menu_typo_font_subset":"","ocean_menu_typo_font_size":0,"ocean_menu_typo_font_size_tablet":0,"ocean_menu_typo_font_size_mobile":0,"ocean_menu_typo_font_size_unit":"px","ocean_menu_typo_font_weight":"","ocean_menu_typo_font_weight_tablet":"","ocean_menu_typo_font_weight_mobile":"","ocean_menu_typo_transform":"","ocean_menu_typo_transform_tablet":"","ocean_menu_typo_transform_mobile":"","ocean_menu_typo_line_height":0,"ocean_menu_typo_line_height_tablet":0,"ocean_menu_typo_line_height_mobile":0,"ocean_menu_typo_line_height_unit":"","ocean_menu_typo_spacing":0,"ocean_menu_typo_spacing_tablet":0,"ocean_menu_typo_spacing_mobile":0,"ocean_menu_typo_spacing_unit":"","ocean_menu_link_color":"","ocean_menu_link_color_hover":"","ocean_menu_link_color_active":"","ocean_menu_link_background":"","ocean_menu_link_hover_background":"","ocean_menu_link_active_background":"","ocean_menu_social_links_bg":"","ocean_menu_social_hover_links_bg":"","ocean_menu_social_links_color":"","ocean_menu_social_hover_links_color":"","ocean_disable_title":"default","ocean_disable_heading":"default","ocean_post_title":"","ocean_post_subheading":"","ocean_post_title_style":"","ocean_post_title_background_color":"","ocean_post_title_background":0,"ocean_post_title_bg_image_position":"","ocean_post_title_bg_image_attachment":"","ocean_post_title_bg_image_repeat":"","ocean_post_title_bg_image_size":"","ocean_post_title_height":0,"ocean_post_title_bg_overlay":0.5,"ocean_post_title_bg_overlay_color":"","ocean_disable_breadcrumbs":"default","ocean_breadcrumbs_color":"","ocean_breadcrumbs_separator_color":"","ocean_breadcrumbs_links_color":"","ocean_breadcrumbs_links_hover_color":"","ocean_display_footer_widgets":"default","ocean_display_footer_bottom":"default","ocean_custom_footer_template":"","omw_enable_modal_window":"enable"},"product_brand":[],"product_cat":[161,15],"product_tag":[162],"class_list":{"0":"post-2559","1":"product","2":"type-product","3":"status-publish","4":"has-post-thumbnail","6":"product_cat-5-sinif","7":"product_cat-genel","8":"product_tag-5-sinif","10":"entry","11":"has-media","13":"first","14":"instock","15":"taxable","16":"shipping-taxable","17":"purchasable","18":"product-type-simple","19":"col","20":"span_1_of_3","21":"owp-content-center","22":"owp-thumbs-layout-horizontal","23":"owp-btn-normal","24":"owp-tabs-layout-horizontal","25":"has-no-thumbnails"},"acf":[],"_links":{"self":[{"href":"https:\/\/kulkitabevi.com\/index.php\/wp-json\/wp\/v2\/product\/2559","targetHints":{"allow":["GET"]}}],"collection":[{"href":"https:\/\/kulkitabevi.com\/index.php\/wp-json\/wp\/v2\/product"}],"about":[{"href":"https:\/\/kulkitabevi.com\/index.php\/wp-json\/wp\/v2\/types\/product"}],"wp:featuredmedia":[{"embeddable":true,"href":"https:\/\/kulkitabevi.com\/index.php\/wp-json\/wp\/v2\/media\/2471"}],"wp:attachment":[{"href":"https:\/\/kulkitabevi.com\/index.php\/wp-json\/wp\/v2\/media?parent=2559"}],"wp:term":[{"taxonomy":"product_brand","embeddable":true,"href":"https:\/\/kulkitabevi.com\/index.php\/wp-json\/wp\/v2\/product_brand?post=2559"},{"taxonomy":"product_cat","embeddable":true,"href":"https:\/\/kulkitabevi.com\/index.php\/wp-json\/wp\/v2\/product_cat?post=2559"},{"taxonomy":"product_tag","embeddable":true,"href":"https:\/\/kulkitabevi.com\/index.php\/wp-json\/wp\/v2\/product_tag?post=2559"}],"curies":[{"name":"wp","href":"https:\/\/api.w.org\/{rel}","templated":true}]}}