{"id":3094,"date":"2025-08-02T10:24:40","date_gmt":"2025-08-02T10:24:40","guid":{"rendered":"https:\/\/kulkitabevi.com\/?post_type=product&#038;p=3094"},"modified":"2025-08-02T10:25:58","modified_gmt":"2025-08-02T10:25:58","slug":"takev-1-sinif-temel-set-mdu","status":"publish","type":"product","link":"https:\/\/kulkitabevi.com\/index.php\/urun\/takev-1-sinif-temel-set-mdu\/","title":{"rendered":"TAKEV 1.SINIF TEMEL SET MDU"},"content":{"rendered":"<table style=\"height: 707px\" width=\"1113\">\n<tbody>\n<tr>\n<td width=\"64\">\n<h3>SINIF<\/h3>\n<\/td>\n<td width=\"344\">\n<h3>T\u00dcRK\u00c7E K\u0130TAPLARI<\/h3>\n<\/td>\n<td width=\"172\">\n<h3>YAYINEV\u0130<\/h3>\n<\/td>\n<td width=\"89\">\n<h3>F\u0130YAT<\/h3>\n<\/td>\n<\/tr>\n<tr>\n<td>1 MDU<\/td>\n<td>TURBO OKUMA YAZMA SET\u0130<\/td>\n<td>MODEL<\/td>\n<td>\u20ba1.202,00<\/td>\n<\/tr>\n<tr>\n<td>1 MDU<\/td>\n<td>T\u00dcRK\u00c7E OKUMA ANLAMA<\/td>\n<td>\u00dc\u00c7GEN<\/td>\n<td>\u20ba140,00<\/td>\n<\/tr>\n<tr>\n<td>1 MDU<\/td>\n<td>MATEMAT\u0130K YOLCULU\u011eU<\/td>\n<td>\u00dc\u00c7GEN<\/td>\n<td>\u20ba170,00<\/td>\n<\/tr>\n<tr>\n<td>1 MDU<\/td>\n<td>UZAKTA B\u0130R DA\u011e<\/td>\n<td>REDHOUSE<\/td>\n<td>\u20ba225,00<\/td>\n<\/tr>\n<tr>\n<td>1 MDU<\/td>\n<td>S\u0130LVA&#8217;NIN EV\u0130<\/td>\n<td>OKURYAZAR<\/td>\n<td>\u20ba250,00<\/td>\n<\/tr>\n<tr>\n<td>1 MDU<\/td>\n<td>KIVIRCIK KATE<\/td>\n<td>KEL\u0130ME<\/td>\n<td>\u20ba260,00<\/td>\n<\/tr>\n<tr>\n<td>1 MDU<\/td>\n<td>NOKTA<\/td>\n<td>ALTIN<\/td>\n<td>\u20ba165,00<\/td>\n<\/tr>\n<tr>\n<td>1 MDU<\/td>\n<td>MI\u015e G\u0130B\u0130<\/td>\n<td>ALTIN<\/td>\n<td>\u20ba165,00<\/td>\n<\/tr>\n<tr>\n<td>1 MDU<\/td>\n<td>ASTRONOT KUTUP AYISI<\/td>\n<td>YE\u015e\u0130L D\u0130NAZOR<\/td>\n<td>\u20ba210,00<\/td>\n<\/tr>\n<tr>\n<td>1 MDU<\/td>\n<td>UZAYDA DA OYUN OYNANIR<\/td>\n<td>MASALPEREST<\/td>\n<td>\u20ba179,00<\/td>\n<\/tr>\n<tr>\n<td>2 MDU<\/td>\n<td>NEREDE BU DEN\u0130Z YILDIZI<\/td>\n<td>REDHOUSE<\/td>\n<td>\u20ba275,00<\/td>\n<\/tr>\n<tr>\n<td><\/td>\n<td><\/td>\n<td><strong>T\u00dcRK\u00c7E K\u0130TAP TOPLAMI<\/strong><\/td>\n<td><strong>\u20ba3.241,00<\/strong><\/td>\n<\/tr>\n<tr>\n<td><strong>SINIF<\/strong><\/td>\n<td><strong>\u0130NG\u0130L\u0130ZCE K\u0130TAPLARI<\/strong><\/td>\n<td><\/td>\n<td><\/td>\n<\/tr>\n<tr>\n<td>1 MDU<\/td>\n<td>BEEHIVE BRITISH STARTER WB<\/td>\n<td><strong>\u0130NG\u0130L\u0130ZCE K\u0130TAP TOPLAMI<\/strong><\/td>\n<td><strong>\u20ba1.980,00<\/strong><\/td>\n<\/tr>\n<tr>\n<td><\/td>\n<td><\/td>\n<td><\/td>\n<td><\/td>\n<\/tr>\n<tr>\n<td><strong>SINIF<\/strong><\/td>\n<td><strong>D\u0130J\u0130TAL SETLER<\/strong><\/td>\n<td><\/td>\n<td><\/td>\n<\/tr>\n<tr>\n<td>1 MDU<\/td>\n<td>STEAM SET\u0130<\/td>\n<td><\/td>\n<td>\u20ba790,00<\/td>\n<\/tr>\n<tr>\n<td>1 MDU<\/td>\n<td>MORPA KAMP\u00dcS<\/td>\n<td><\/td>\n<td>\u20ba3.720,00<\/td>\n<\/tr>\n<tr>\n<td>1 MDU<\/td>\n<td>HAYAL B\u0130LG\u0130S\u0130 VE E\u011e\u0130T. S\u0130ST.D\u00dc\u015e\u00dcNCES\u0130<\/td>\n<td><\/td>\n<td>\u20ba1.175,00<\/td>\n<\/tr>\n<tr>\n<td>1 MDU<\/td>\n<td>KODR\u0130S STUD\u0130O PAKET<\/td>\n<td><\/td>\n<td>\u20ba1.699,00<\/td>\n<\/tr>\n<tr>\n<td><\/td>\n<td><\/td>\n<td><strong>D\u0130J\u0130TAL SET TOPLAMI<\/strong><\/td>\n<td><strong>\u20ba7.384,00<\/strong><\/td>\n<\/tr>\n<\/tbody>\n<\/table>\n","protected":false},"excerpt":{"rendered":"<p>SINIF T\u00dcRK\u00c7E K\u0130TAPLARI YAYINEV\u0130 F\u0130YAT 1 MDU TURBO OKUMA YAZMA SET\u0130 MODEL \u20ba1.202,00 1 MDU T\u00dcRK\u00c7E OKUMA ANLAMA \u00dc\u00c7GEN \u20ba140,00 1 MDU MATEMAT\u0130K YOLCULU\u011eU \u00dc\u00c7GEN \u20ba170,00 1 MDU UZAKTA B\u0130R DA\u011e REDHOUSE \u20ba225,00 1 MDU S\u0130LVA&#8217;NIN EV\u0130 OKURYAZAR \u20ba250,00 1 MDU KIVIRCIK KATE KEL\u0130ME \u20ba260,00 1 MDU NOKTA ALTIN \u20ba165,00 1 MDU MI\u015e G\u0130B\u0130 ALTIN [&hellip;]<\/p>\n","protected":false},"featured_media":2471,"template":"","meta":{"_acf_changed":false,"ocean_post_layout":"","ocean_both_sidebars_style":"","ocean_both_sidebars_content_width":0,"ocean_both_sidebars_sidebars_width":0,"ocean_sidebar":"","ocean_second_sidebar":"","ocean_disable_margins":"enable","ocean_add_body_class":"","ocean_shortcode_before_top_bar":"","ocean_shortcode_after_top_bar":"","ocean_shortcode_before_header":"","ocean_shortcode_after_header":"","ocean_has_shortcode":"","ocean_shortcode_after_title":"","ocean_shortcode_before_footer_widgets":"","ocean_shortcode_after_footer_widgets":"","ocean_shortcode_before_footer_bottom":"","ocean_shortcode_after_footer_bottom":"","ocean_display_top_bar":"default","ocean_display_header":"default","ocean_header_style":"","ocean_center_header_left_menu":"","ocean_custom_header_template":"","ocean_custom_logo":0,"ocean_custom_retina_logo":0,"ocean_custom_logo_max_width":0,"ocean_custom_logo_tablet_max_width":0,"ocean_custom_logo_mobile_max_width":0,"ocean_custom_logo_max_height":0,"ocean_custom_logo_tablet_max_height":0,"ocean_custom_logo_mobile_max_height":0,"ocean_header_custom_menu":"","ocean_menu_typo_font_family":"","ocean_menu_typo_font_subset":"","ocean_menu_typo_font_size":0,"ocean_menu_typo_font_size_tablet":0,"ocean_menu_typo_font_size_mobile":0,"ocean_menu_typo_font_size_unit":"px","ocean_menu_typo_font_weight":"","ocean_menu_typo_font_weight_tablet":"","ocean_menu_typo_font_weight_mobile":"","ocean_menu_typo_transform":"","ocean_menu_typo_transform_tablet":"","ocean_menu_typo_transform_mobile":"","ocean_menu_typo_line_height":0,"ocean_menu_typo_line_height_tablet":0,"ocean_menu_typo_line_height_mobile":0,"ocean_menu_typo_line_height_unit":"","ocean_menu_typo_spacing":0,"ocean_menu_typo_spacing_tablet":0,"ocean_menu_typo_spacing_mobile":0,"ocean_menu_typo_spacing_unit":"","ocean_menu_link_color":"","ocean_menu_link_color_hover":"","ocean_menu_link_color_active":"","ocean_menu_link_background":"","ocean_menu_link_hover_background":"","ocean_menu_link_active_background":"","ocean_menu_social_links_bg":"","ocean_menu_social_hover_links_bg":"","ocean_menu_social_links_color":"","ocean_menu_social_hover_links_color":"","ocean_disable_title":"default","ocean_disable_heading":"default","ocean_post_title":"","ocean_post_subheading":"","ocean_post_title_style":"","ocean_post_title_background_color":"","ocean_post_title_background":0,"ocean_post_title_bg_image_position":"","ocean_post_title_bg_image_attachment":"","ocean_post_title_bg_image_repeat":"","ocean_post_title_bg_image_size":"","ocean_post_title_height":0,"ocean_post_title_bg_overlay":0.5,"ocean_post_title_bg_overlay_color":"","ocean_disable_breadcrumbs":"default","ocean_breadcrumbs_color":"","ocean_breadcrumbs_separator_color":"","ocean_breadcrumbs_links_color":"","ocean_breadcrumbs_links_hover_color":"","ocean_display_footer_widgets":"default","ocean_display_footer_bottom":"default","ocean_custom_footer_template":"","omw_enable_modal_window":"enable"},"product_brand":[],"product_cat":[171,15],"product_tag":[172],"class_list":{"0":"post-3094","1":"product","2":"type-product","3":"status-publish","4":"has-post-thumbnail","6":"product_cat-1-sinif","7":"product_cat-genel","8":"product_tag-1-sinif","10":"entry","11":"has-media","13":"first","14":"instock","15":"taxable","16":"shipping-taxable","17":"purchasable","18":"product-type-simple","19":"col","20":"span_1_of_3","21":"owp-content-center","22":"owp-thumbs-layout-horizontal","23":"owp-btn-normal","24":"owp-tabs-layout-horizontal","25":"has-no-thumbnails"},"acf":[],"_links":{"self":[{"href":"https:\/\/kulkitabevi.com\/index.php\/wp-json\/wp\/v2\/product\/3094","targetHints":{"allow":["GET"]}}],"collection":[{"href":"https:\/\/kulkitabevi.com\/index.php\/wp-json\/wp\/v2\/product"}],"about":[{"href":"https:\/\/kulkitabevi.com\/index.php\/wp-json\/wp\/v2\/types\/product"}],"wp:featuredmedia":[{"embeddable":true,"href":"https:\/\/kulkitabevi.com\/index.php\/wp-json\/wp\/v2\/media\/2471"}],"wp:attachment":[{"href":"https:\/\/kulkitabevi.com\/index.php\/wp-json\/wp\/v2\/media?parent=3094"}],"wp:term":[{"taxonomy":"product_brand","embeddable":true,"href":"https:\/\/kulkitabevi.com\/index.php\/wp-json\/wp\/v2\/product_brand?post=3094"},{"taxonomy":"product_cat","embeddable":true,"href":"https:\/\/kulkitabevi.com\/index.php\/wp-json\/wp\/v2\/product_cat?post=3094"},{"taxonomy":"product_tag","embeddable":true,"href":"https:\/\/kulkitabevi.com\/index.php\/wp-json\/wp\/v2\/product_tag?post=3094"}],"curies":[{"name":"wp","href":"https:\/\/api.w.org\/{rel}","templated":true}]}}