{"id":3436,"date":"2025-08-06T17:43:18","date_gmt":"2025-08-06T14:43:18","guid":{"rendered":"https:\/\/kulkitabevi.com\/?post_type=product&#038;p=3436"},"modified":"2025-08-06T17:47:06","modified_gmt":"2025-08-06T14:47:06","slug":"takev-2-sinif-kirtasiye-personel","status":"publish","type":"product","link":"https:\/\/kulkitabevi.com\/index.php\/urun\/takev-2-sinif-kirtasiye-personel\/","title":{"rendered":"TAKEV 2.SINIF KIRTAS\u0130YE (PERSONEL)"},"content":{"rendered":"<table style=\"height: 1410px;\" width=\"1219\">\n<tbody>\n<tr>\n<td width=\"27\"><\/td>\n<td width=\"406\">\n<h3>MALIN C\u0130NS\u0130<\/h3>\n<\/td>\n<td width=\"227\">\n<h3>\u00dcR\u00dcN<\/h3>\n<\/td>\n<td width=\"47\">\n<h3>ADET<\/h3>\n<\/td>\n<td width=\"64\">\n<h3>F\u0130YAT<\/h3>\n<\/td>\n<td width=\"74\">\n<h3>TOPL.F\u0130YAT<\/h3>\n<\/td>\n<\/tr>\n<tr>\n<td>1<\/td>\n<td>KUR\u015eUN KALEM<\/td>\n<td>STAB\u0130LO<\/td>\n<td>4<\/td>\n<td>\u20ba35,00<\/td>\n<td>\u20ba140,00<\/td>\n<\/tr>\n<tr>\n<td>2<\/td>\n<td>KIRMIZI KALEM<\/td>\n<td>FABER CASTELL<\/td>\n<td>2<\/td>\n<td>\u20ba35,00<\/td>\n<td>\u20ba70,00<\/td>\n<\/tr>\n<tr>\n<td>3<\/td>\n<td>MAV\u0130 KOPYA KALEM<\/td>\n<td>FABER CASTELL<\/td>\n<td>2<\/td>\n<td>\u20ba35,00<\/td>\n<td>\u20ba70,00<\/td>\n<\/tr>\n<tr>\n<td>4<\/td>\n<td>YE\u015e\u0130L KOPYA KALEM<\/td>\n<td>FABER CASTELL<\/td>\n<td>2<\/td>\n<td>\u20ba35,00<\/td>\n<td>\u20ba70,00<\/td>\n<\/tr>\n<tr>\n<td>5<\/td>\n<td>S\u0130LG\u0130<\/td>\n<td>FABER CASTELL<\/td>\n<td>2<\/td>\n<td>\u20ba35,00<\/td>\n<td>\u20ba70,00<\/td>\n<\/tr>\n<tr>\n<td>6<\/td>\n<td>KALEMTRA\u015e HAZNEL\u0130<\/td>\n<td>ADEL AUTO<\/td>\n<td>1<\/td>\n<td>\u20ba100,00<\/td>\n<td>\u20ba100,00<\/td>\n<\/tr>\n<tr>\n<td>7<\/td>\n<td>KALEM KUTUSU<\/td>\n<td>2 G\u00d6ZL\u00dc<\/td>\n<td>1<\/td>\n<td>\u20ba250,00<\/td>\n<td>\u20ba250,00<\/td>\n<\/tr>\n<tr>\n<td>8<\/td>\n<td>MAKAS<\/td>\n<td>\u00d6\u011eRENC\u0130 MAKASI<\/td>\n<td>1<\/td>\n<td>\u20ba40,00<\/td>\n<td>\u20ba40,00<\/td>\n<\/tr>\n<tr>\n<td>9<\/td>\n<td>ST\u0130CK YAPI\u015eTIRICI<\/td>\n<td>PR\u0130TT 22 GR<\/td>\n<td>2<\/td>\n<td>\u20ba65,00<\/td>\n<td>\u20ba130,00<\/td>\n<\/tr>\n<tr>\n<td>10<\/td>\n<td>12 L\u0130\u00a0 KURU BOYA KALEM\u0130<\/td>\n<td>PLAY DOH<\/td>\n<td>1<\/td>\n<td>\u20ba175,00<\/td>\n<td>\u20ba175,00<\/td>\n<\/tr>\n<tr>\n<td>11<\/td>\n<td>FOSFORLU KALEM 4 renk<\/td>\n<td>B\u0130C<\/td>\n<td>4<\/td>\n<td>\u20ba70,00<\/td>\n<td>\u20ba280,00<\/td>\n<\/tr>\n<tr>\n<td><strong>B)<\/strong><\/td>\n<td colspan=\"2\"><strong>T\u00fcrk\u00e7e Matematik Hayat Bilgisi dersleri i\u00e7in gerekli ara\u00e7 ve gere\u00e7ler:<\/strong><\/td>\n<td><\/td>\n<td><\/td>\n<td><\/td>\n<\/tr>\n<tr>\n<td>1<\/td>\n<td>1 adet A4 T\u00fcrk\u00e7e defteri( 40 yaprakl\u0131 \u00e7izgili spiralsiz)<\/td>\n<td>MYNOTE<\/td>\n<td>1<\/td>\n<td>\u20ba60,00<\/td>\n<td>\u20ba60,00<\/td>\n<\/tr>\n<tr>\n<td>2<\/td>\n<td>1 adet A4 Matematik defteri(40 yaprakl\u0131 kareli spiralsiz)<\/td>\n<td>MYNOTE<\/td>\n<td>1<\/td>\n<td>\u20ba60,00<\/td>\n<td>\u20ba60,00<\/td>\n<\/tr>\n<tr>\n<td>3<\/td>\n<td>1 adet A4 Hayat Bilgisi defteri( 40 yaprakl\u0131 \u00e7izgili spiralsiz)<\/td>\n<td>MYNOTE<\/td>\n<td>1<\/td>\n<td>\u20ba60,00<\/td>\n<td>\u20ba60,00<\/td>\n<\/tr>\n<tr>\n<td>4<\/td>\n<td>2 adet \u00e7it\u00e7itli zarf dosya<\/td>\n<td><\/td>\n<td>2<\/td>\n<td>\u20ba24,00<\/td>\n<td>\u20ba48,00<\/td>\n<\/tr>\n<tr>\n<td>5<\/td>\n<td>1 top beyaz \u00e7zgisiz A4 ka\u011f\u0131t<\/td>\n<td><\/td>\n<td>1<\/td>\n<td>\u20ba130,00<\/td>\n<td>\u20ba130,00<\/td>\n<\/tr>\n<tr>\n<td>6<\/td>\n<td>T\u00fcrk\u00e7e S\u00f6zl\u00fck<\/td>\n<td>\u00d6ZY\u00dcREK<\/td>\n<td>1<\/td>\n<td>\u20ba200,00<\/td>\n<td>\u20ba200,00<\/td>\n<\/tr>\n<tr>\n<td>7<\/td>\n<td>Cetvel<\/td>\n<td>20 cm<\/td>\n<td>1<\/td>\n<td>\u20ba40,00<\/td>\n<td>\u20ba40,00<\/td>\n<\/tr>\n<tr>\n<td>8<\/td>\n<td>1 adet data book<\/td>\n<td>60 sayfa<\/td>\n<td>1<\/td>\n<td>\u20ba180,00<\/td>\n<td>\u20ba180,00<\/td>\n<\/tr>\n<tr>\n<td><strong>C)<\/strong><\/td>\n<td><strong>Almanca dersi i\u00e7in gerekli ara\u00e7 ve gere\u00e7ler:<\/strong><\/td>\n<td><\/td>\n<td><\/td>\n<td><\/td>\n<td><\/td>\n<\/tr>\n<tr>\n<td>1<\/td>\n<td>1 adet A4 60 yaprakl\u0131 \u00e7izgili defter<\/td>\n<td>MYNOTE<\/td>\n<td>1<\/td>\n<td>\u20ba80,00<\/td>\n<td>\u20ba80,00<\/td>\n<\/tr>\n<tr>\n<td>2<\/td>\n<td>1 adet \u00e7\u0131t\u00e7\u0131tl\u0131 dosya(ye\u015fil etiketli)<\/td>\n<td><\/td>\n<td>1<\/td>\n<td>\u20ba24,00<\/td>\n<td>\u20ba24,00<\/td>\n<\/tr>\n<tr>\n<td>3<\/td>\n<td>K\u0131rm\u0131z\u0131 ve Beyaz FON KARTONU 3ER ADET<\/td>\n<td>CRAFT AND ARTS<\/td>\n<td>6<\/td>\n<td>\u20ba25,00<\/td>\n<td>\u20ba150,00<\/td>\n<\/tr>\n<tr>\n<td>4<\/td>\n<td>K\u0131rm\u0131z\u0131 ,Mavi,Ye\u015fil,Sar\u0131 kalem<\/td>\n<td>B\u0130C FOSFORLU<\/td>\n<td>4<\/td>\n<td>\u20ba70,00<\/td>\n<td>\u20ba280,00<\/td>\n<\/tr>\n<tr>\n<td>5<\/td>\n<td>Stick Yap\u0131\u015ft\u0131r\u0131c\u0131<\/td>\n<td>PR\u0130TT 22 GR<\/td>\n<td>4<\/td>\n<td>\u20ba65,00<\/td>\n<td>\u20ba260,00<\/td>\n<\/tr>\n<tr>\n<td>6<\/td>\n<td>Makas<\/td>\n<td>\u00d6\u011eRENC\u0130 MAKASI<\/td>\n<td>1<\/td>\n<td>\u20ba40,00<\/td>\n<td>\u20ba40,00<\/td>\n<\/tr>\n<tr>\n<td>7<\/td>\n<td>Kuru Boya 12 li<\/td>\n<td>PLAY DOH<\/td>\n<td>1<\/td>\n<td>\u20ba175,00<\/td>\n<td>\u20ba175,00<\/td>\n<\/tr>\n<tr>\n<td>8<\/td>\n<td>Renkli A4 top ka\u011f\u0131t<\/td>\n<td><\/td>\n<td>1<\/td>\n<td>\u20ba120,00<\/td>\n<td>\u20ba120,00<\/td>\n<\/tr>\n<tr>\n<td><strong>D)<\/strong><\/td>\n<td><strong>M\u00fczik dersi i\u00e7in gerekli olan ara\u00e7 ve gere\u00e7ler:<\/strong><\/td>\n<td><\/td>\n<td><\/td>\n<td><\/td>\n<td><\/td>\n<\/tr>\n<tr>\n<td>1<\/td>\n<td>B\u00fcy\u00fck boy m\u00fczik defteri<\/td>\n<td><\/td>\n<td>1<\/td>\n<td>\u20ba130,00<\/td>\n<td>\u20ba130,00<\/td>\n<\/tr>\n<tr>\n<td>E)<\/td>\n<td>\u0130ngilizce dersi i\u00e7in gerekli olan ara\u00e7 ve gere\u00e7ler<\/td>\n<td><\/td>\n<td><\/td>\n<td><\/td>\n<td><\/td>\n<\/tr>\n<tr>\n<td>1<\/td>\n<td>A4 zarf dosya<\/td>\n<td><\/td>\n<td>1<\/td>\n<td>\u20ba24,00<\/td>\n<td>\u20ba24,00<\/td>\n<\/tr>\n<tr>\n<td><strong>E)<\/strong><\/td>\n<td><strong>G\u00f6rsel Sanatlar dersi i\u00e7in gerekli ara\u00e7 ve gere\u00e7ler:<\/strong><\/td>\n<td><\/td>\n<td><\/td>\n<td><\/td>\n<td><\/td>\n<\/tr>\n<tr>\n<td>1<\/td>\n<td>24 l\u00fc pastel boya<\/td>\n<td>FABER CASTELL<\/td>\n<td>1<\/td>\n<td>\u20ba550,00<\/td>\n<td>\u20ba550,00<\/td>\n<\/tr>\n<tr>\n<td>2<\/td>\n<td>12 li jel mum boya<\/td>\n<td>PLAY DOH<\/td>\n<td>1<\/td>\n<td>\u20ba650,00<\/td>\n<td>\u20ba650,00<\/td>\n<\/tr>\n<tr>\n<td>3<\/td>\n<td>24 L\u00fc ke\u00e7eli kalem set<\/td>\n<td>B\u0130C V\u0130SACOLOR XL EDUCAT\u0130ONS<\/td>\n<td>1<\/td>\n<td>\u20ba850,00<\/td>\n<td>\u20ba850,00<\/td>\n<\/tr>\n<tr>\n<td>4<\/td>\n<td>35*50 resim ka\u011f\u0131d\u0131<\/td>\n<td>20 L\u0130<\/td>\n<td>3<\/td>\n<td>\u20ba80,00<\/td>\n<td>\u20ba240,00<\/td>\n<\/tr>\n<tr>\n<td>5<\/td>\n<td>Suluboya seti 24 L\u00dc<\/td>\n<td>R\u0130CH ART-X<\/td>\n<td>1<\/td>\n<td>\u20ba290,00<\/td>\n<td>\u20ba290,00<\/td>\n<\/tr>\n<tr>\n<td>6<\/td>\n<td>Ponart 3d paint boncuk boya<\/td>\n<td>\u0130STENEN 2 RENK<\/td>\n<td>2<\/td>\n<td>\u20ba200,00<\/td>\n<td>\u20ba400,00<\/td>\n<\/tr>\n<tr>\n<td>7<\/td>\n<td>Seramik hamuru Hava ile kuruyan<\/td>\n<td>PONART HAF\u0130F MODEL K\u0130L\u0130 light 250gr<\/td>\n<td>1<\/td>\n<td>\u20ba500,00<\/td>\n<td>\u20ba500,00<\/td>\n<\/tr>\n<tr>\n<td>8<\/td>\n<td>Sanat kili<\/td>\n<td>GOODW\u0130N 6 L\u0130 PAKET<\/td>\n<td>1<\/td>\n<td>\u20ba500,00<\/td>\n<td>\u20ba500,00<\/td>\n<\/tr>\n<tr>\n<td><\/td>\n<td><\/td>\n<td><\/td>\n<td><\/td>\n<td><\/td>\n<td><\/td>\n<\/tr>\n<tr>\n<td><\/td>\n<td><\/td>\n<td><\/td>\n<td><\/td>\n<td><\/td>\n<td><\/td>\n<\/tr>\n<\/tbody>\n<\/table>\n","protected":false},"excerpt":{"rendered":"<p>MALIN C\u0130NS\u0130 \u00dcR\u00dcN ADET F\u0130YAT TOPL.F\u0130YAT 1 KUR\u015eUN KALEM STAB\u0130LO 4 \u20ba35,00 \u20ba140,00 2 KIRMIZI KALEM FABER CASTELL 2 \u20ba35,00 \u20ba70,00 3 MAV\u0130 KOPYA KALEM FABER CASTELL 2 \u20ba35,00 \u20ba70,00 4 YE\u015e\u0130L KOPYA KALEM FABER CASTELL 2 \u20ba35,00 \u20ba70,00 5 S\u0130LG\u0130 FABER CASTELL 2 \u20ba35,00 \u20ba70,00 6 KALEMTRA\u015e HAZNEL\u0130 ADEL AUTO 1 \u20ba100,00 \u20ba100,00 7 [&hellip;]<\/p>\n","protected":false},"featured_media":2942,"template":"","meta":{"_acf_changed":false,"ocean_post_layout":"","ocean_both_sidebars_style":"","ocean_both_sidebars_content_width":0,"ocean_both_sidebars_sidebars_width":0,"ocean_sidebar":"0","ocean_second_sidebar":"0","ocean_disable_margins":"enable","ocean_add_body_class":"","ocean_shortcode_before_top_bar":"","ocean_shortcode_after_top_bar":"","ocean_shortcode_before_header":"","ocean_shortcode_after_header":"","ocean_has_shortcode":"","ocean_shortcode_after_title":"","ocean_shortcode_before_footer_widgets":"","ocean_shortcode_after_footer_widgets":"","ocean_shortcode_before_footer_bottom":"","ocean_shortcode_after_footer_bottom":"","ocean_display_top_bar":"default","ocean_display_header":"default","ocean_header_style":"","ocean_center_header_left_menu":"0","ocean_custom_header_template":"0","ocean_custom_logo":0,"ocean_custom_retina_logo":0,"ocean_custom_logo_max_width":0,"ocean_custom_logo_tablet_max_width":0,"ocean_custom_logo_mobile_max_width":0,"ocean_custom_logo_max_height":0,"ocean_custom_logo_tablet_max_height":0,"ocean_custom_logo_mobile_max_height":0,"ocean_header_custom_menu":"0","ocean_menu_typo_font_family":"0","ocean_menu_typo_font_subset":"","ocean_menu_typo_font_size":0,"ocean_menu_typo_font_size_tablet":0,"ocean_menu_typo_font_size_mobile":0,"ocean_menu_typo_font_size_unit":"px","ocean_menu_typo_font_weight":"","ocean_menu_typo_font_weight_tablet":"","ocean_menu_typo_font_weight_mobile":"","ocean_menu_typo_transform":"","ocean_menu_typo_transform_tablet":"","ocean_menu_typo_transform_mobile":"","ocean_menu_typo_line_height":0,"ocean_menu_typo_line_height_tablet":0,"ocean_menu_typo_line_height_mobile":0,"ocean_menu_typo_line_height_unit":"","ocean_menu_typo_spacing":0,"ocean_menu_typo_spacing_tablet":0,"ocean_menu_typo_spacing_mobile":0,"ocean_menu_typo_spacing_unit":"","ocean_menu_link_color":"","ocean_menu_link_color_hover":"","ocean_menu_link_color_active":"","ocean_menu_link_background":"","ocean_menu_link_hover_background":"","ocean_menu_link_active_background":"","ocean_menu_social_links_bg":"","ocean_menu_social_hover_links_bg":"","ocean_menu_social_links_color":"","ocean_menu_social_hover_links_color":"","ocean_disable_title":"default","ocean_disable_heading":"default","ocean_post_title":"","ocean_post_subheading":"","ocean_post_title_style":"","ocean_post_title_background_color":"","ocean_post_title_background":0,"ocean_post_title_bg_image_position":"","ocean_post_title_bg_image_attachment":"","ocean_post_title_bg_image_repeat":"","ocean_post_title_bg_image_size":"","ocean_post_title_height":0,"ocean_post_title_bg_overlay":0.5,"ocean_post_title_bg_overlay_color":"","ocean_disable_breadcrumbs":"default","ocean_breadcrumbs_color":"","ocean_breadcrumbs_separator_color":"","ocean_breadcrumbs_links_color":"","ocean_breadcrumbs_links_hover_color":"","ocean_display_footer_widgets":"default","ocean_display_footer_bottom":"default","ocean_custom_footer_template":"0","omw_enable_modal_window":"enable"},"product_brand":[],"product_cat":[137],"product_tag":[139],"class_list":{"0":"post-3436","1":"product","2":"type-product","3":"status-publish","4":"has-post-thumbnail","6":"product_cat-kirtasiye","7":"product_tag-kirtasiye-2","9":"entry","10":"has-media","12":"first","13":"instock","14":"sale","15":"taxable","16":"shipping-taxable","17":"purchasable","18":"product-type-simple","19":"col","20":"span_1_of_3","21":"owp-content-center","22":"owp-thumbs-layout-horizontal","23":"owp-btn-normal","24":"owp-tabs-layout-horizontal","25":"has-no-thumbnails"},"acf":[],"_links":{"self":[{"href":"https:\/\/kulkitabevi.com\/index.php\/wp-json\/wp\/v2\/product\/3436","targetHints":{"allow":["GET"]}}],"collection":[{"href":"https:\/\/kulkitabevi.com\/index.php\/wp-json\/wp\/v2\/product"}],"about":[{"href":"https:\/\/kulkitabevi.com\/index.php\/wp-json\/wp\/v2\/types\/product"}],"wp:featuredmedia":[{"embeddable":true,"href":"https:\/\/kulkitabevi.com\/index.php\/wp-json\/wp\/v2\/media\/2942"}],"wp:attachment":[{"href":"https:\/\/kulkitabevi.com\/index.php\/wp-json\/wp\/v2\/media?parent=3436"}],"wp:term":[{"taxonomy":"product_brand","embeddable":true,"href":"https:\/\/kulkitabevi.com\/index.php\/wp-json\/wp\/v2\/product_brand?post=3436"},{"taxonomy":"product_cat","embeddable":true,"href":"https:\/\/kulkitabevi.com\/index.php\/wp-json\/wp\/v2\/product_cat?post=3436"},{"taxonomy":"product_tag","embeddable":true,"href":"https:\/\/kulkitabevi.com\/index.php\/wp-json\/wp\/v2\/product_tag?post=3436"}],"curies":[{"name":"wp","href":"https:\/\/api.w.org\/{rel}","templated":true}]}}