{"id":3442,"date":"2025-08-06T17:52:39","date_gmt":"2025-08-06T14:52:39","guid":{"rendered":"https:\/\/kulkitabevi.com\/?post_type=product&#038;p=3442"},"modified":"2025-08-06T17:54:10","modified_gmt":"2025-08-06T14:54:10","slug":"takev-7-sinif-kirtasiye-personel","status":"publish","type":"product","link":"https:\/\/kulkitabevi.com\/index.php\/urun\/takev-7-sinif-kirtasiye-personel\/","title":{"rendered":"TAKEV 7.SINIF KIRTAS\u0130YE (PERSONEL)"},"content":{"rendered":"<table style=\"height: 446px;\" width=\"992\">\n<tbody>\n<tr>\n<td width=\"19\"><\/td>\n<td width=\"372\">\n<h3><strong>MALIN C\u0130NS\u0130<\/strong><\/h3>\n<\/td>\n<td width=\"105\">\n<h3><strong>\u00dcR\u00dcN<\/strong><\/h3>\n<\/td>\n<td width=\"64\">\n<h3><strong>ADET<\/strong><\/h3>\n<\/td>\n<td width=\"64\">\n<h3><strong>F\u0130YAT<\/strong><\/h3>\n<\/td>\n<td width=\"74\">\n<h3><strong>TOPL.F\u0130YAT<\/strong><\/h3>\n<\/td>\n<\/tr>\n<tr>\n<td><strong>A)<\/strong><\/td>\n<td colspan=\"5\"><strong>T\u00fcrk\u00e7e dersi i\u00e7in gerekli ara\u00e7 ve gere\u00e7leri:<\/strong><\/td>\n<\/tr>\n<tr>\n<td>1<\/td>\n<td>1 adet A4 60 yaprakl\u0131 \u00e7izgili harita metod defteri (spiralsiz)<\/td>\n<td>MYNOTE<\/td>\n<td>1<\/td>\n<td>\u20ba85,00<\/td>\n<td>\u20ba85,00<\/td>\n<\/tr>\n<tr>\n<td><strong>B)<\/strong><\/td>\n<td colspan=\"5\"><strong>Matematik dersi i\u00e7in gerekli olan ara\u00e7 ve gere\u00e7ler:<\/strong><\/td>\n<\/tr>\n<tr>\n<td>1<\/td>\n<td>40 yaprakl\u0131 kareli harita metod defteri<\/td>\n<td>MYNOTE<\/td>\n<td>1<\/td>\n<td>\u20ba65,00<\/td>\n<td>\u20ba65,00<\/td>\n<\/tr>\n<tr>\n<td><strong>C)<\/strong><\/td>\n<td colspan=\"5\"><strong>\u00a0Fen dersi i\u00e7in gerekli ara\u00e7 ve gere\u00e7ler:<\/strong><\/td>\n<\/tr>\n<tr>\n<td>1<\/td>\n<td>Fosforlu kalem (FARKLI RENKLERDE)<\/td>\n<td>B\u0130C<\/td>\n<td>2<\/td>\n<td>\u20ba70,00<\/td>\n<td>\u20ba140,00<\/td>\n<\/tr>\n<tr>\n<td>2<\/td>\n<td>\u00c7\u0131t\u00e7\u0131tl\u0131 zarf dosya<\/td>\n<td><\/td>\n<td>1<\/td>\n<td>\u20ba24,00<\/td>\n<td>\u20ba24,00<\/td>\n<\/tr>\n<tr>\n<td><strong>D)<\/strong><\/td>\n<td colspan=\"5\"><strong>Almanca dersi i\u00e7in gerekli olan ara\u00e7 ve gere\u00e7ler:<\/strong><\/td>\n<\/tr>\n<tr>\n<td>1<\/td>\n<td>Fon kartonu kahve ve k\u0131rm\u0131z\u0131 3er<\/td>\n<td>CRAFT AND ARTS<\/td>\n<td>6<\/td>\n<td>\u20ba25,00<\/td>\n<td>\u20ba150,00<\/td>\n<\/tr>\n<tr>\n<td>2<\/td>\n<td>1 top beyaz A4 ka\u011f\u0131t<\/td>\n<td><\/td>\n<td>1<\/td>\n<td>\u20ba130,00<\/td>\n<td>\u20ba130,00<\/td>\n<\/tr>\n<tr>\n<td>3<\/td>\n<td>1 adet A4 60 yaprakl\u0131 \u00e7izgili harita metod defteri<\/td>\n<td>MYNOTE<\/td>\n<td>1<\/td>\n<td>\u20ba85,00<\/td>\n<td>\u20ba85,00<\/td>\n<\/tr>\n<tr>\n<td>4<\/td>\n<td>Fosforlu kalem (FARKLI RENKLERDE)<\/td>\n<td>B\u0130C<\/td>\n<td>3<\/td>\n<td>\u20ba70,00<\/td>\n<td>\u20ba210,00<\/td>\n<\/tr>\n<tr>\n<td><strong>E)<\/strong><\/td>\n<td colspan=\"5\"><strong>\u0130ngilizce dersi i\u00e7in gerekli ara\u00e7 ve gere\u00e7ler:<\/strong><\/td>\n<\/tr>\n<tr>\n<td>1<\/td>\n<td>80 yaprakl\u0131 \u00e7izgili defter<\/td>\n<td>MYNOTE<\/td>\n<td>1<\/td>\n<td>\u20ba100,00<\/td>\n<td>\u20ba100,00<\/td>\n<\/tr>\n<tr>\n<td>2<\/td>\n<td>\u00c7\u0131t\u00e7\u0131tl\u0131 zarf dosya<\/td>\n<td><\/td>\n<td>1<\/td>\n<td>\u20ba24,00<\/td>\n<td>\u20ba24,00<\/td>\n<\/tr>\n<tr>\n<td><strong>F)<\/strong><\/td>\n<td colspan=\"5\"><strong>M\u00fczik dersi i\u00e7in gerekli ara\u00e7 ve gere\u00e7ler:<\/strong><\/td>\n<\/tr>\n<tr>\n<td>1<\/td>\n<td>\u00c7\u0131t\u00e7\u0131tl\u0131 zarf dosya<\/td>\n<td><\/td>\n<td>1<\/td>\n<td>\u20ba24,00<\/td>\n<td>\u20ba24,00<\/td>\n<\/tr>\n<tr>\n<td><\/td>\n<td><\/td>\n<td><\/td>\n<td><\/td>\n<td><\/td>\n<td><strong>\u20ba1.037,00<\/strong><\/td>\n<\/tr>\n<\/tbody>\n<\/table>\n","protected":false},"excerpt":{"rendered":"<p>MALIN C\u0130NS\u0130 \u00dcR\u00dcN ADET F\u0130YAT TOPL.F\u0130YAT A) T\u00fcrk\u00e7e dersi i\u00e7in gerekli ara\u00e7 ve gere\u00e7leri: 1 1 adet A4 60 yaprakl\u0131 \u00e7izgili harita metod defteri (spiralsiz) MYNOTE 1 \u20ba85,00 \u20ba85,00 B) Matematik dersi i\u00e7in gerekli olan ara\u00e7 ve gere\u00e7ler: 1 40 yaprakl\u0131 kareli harita metod defteri MYNOTE 1 \u20ba65,00 \u20ba65,00 C) \u00a0Fen dersi i\u00e7in gerekli ara\u00e7 [&hellip;]<\/p>\n","protected":false},"featured_media":2942,"template":"","meta":{"_acf_changed":false,"ocean_post_layout":"","ocean_both_sidebars_style":"","ocean_both_sidebars_content_width":0,"ocean_both_sidebars_sidebars_width":0,"ocean_sidebar":"0","ocean_second_sidebar":"0","ocean_disable_margins":"enable","ocean_add_body_class":"","ocean_shortcode_before_top_bar":"","ocean_shortcode_after_top_bar":"","ocean_shortcode_before_header":"","ocean_shortcode_after_header":"","ocean_has_shortcode":"","ocean_shortcode_after_title":"","ocean_shortcode_before_footer_widgets":"","ocean_shortcode_after_footer_widgets":"","ocean_shortcode_before_footer_bottom":"","ocean_shortcode_after_footer_bottom":"","ocean_display_top_bar":"default","ocean_display_header":"default","ocean_header_style":"","ocean_center_header_left_menu":"0","ocean_custom_header_template":"0","ocean_custom_logo":0,"ocean_custom_retina_logo":0,"ocean_custom_logo_max_width":0,"ocean_custom_logo_tablet_max_width":0,"ocean_custom_logo_mobile_max_width":0,"ocean_custom_logo_max_height":0,"ocean_custom_logo_tablet_max_height":0,"ocean_custom_logo_mobile_max_height":0,"ocean_header_custom_menu":"0","ocean_menu_typo_font_family":"0","ocean_menu_typo_font_subset":"","ocean_menu_typo_font_size":0,"ocean_menu_typo_font_size_tablet":0,"ocean_menu_typo_font_size_mobile":0,"ocean_menu_typo_font_size_unit":"px","ocean_menu_typo_font_weight":"","ocean_menu_typo_font_weight_tablet":"","ocean_menu_typo_font_weight_mobile":"","ocean_menu_typo_transform":"","ocean_menu_typo_transform_tablet":"","ocean_menu_typo_transform_mobile":"","ocean_menu_typo_line_height":0,"ocean_menu_typo_line_height_tablet":0,"ocean_menu_typo_line_height_mobile":0,"ocean_menu_typo_line_height_unit":"","ocean_menu_typo_spacing":0,"ocean_menu_typo_spacing_tablet":0,"ocean_menu_typo_spacing_mobile":0,"ocean_menu_typo_spacing_unit":"","ocean_menu_link_color":"","ocean_menu_link_color_hover":"","ocean_menu_link_color_active":"","ocean_menu_link_background":"","ocean_menu_link_hover_background":"","ocean_menu_link_active_background":"","ocean_menu_social_links_bg":"","ocean_menu_social_hover_links_bg":"","ocean_menu_social_links_color":"","ocean_menu_social_hover_links_color":"","ocean_disable_title":"default","ocean_disable_heading":"default","ocean_post_title":"","ocean_post_subheading":"","ocean_post_title_style":"","ocean_post_title_background_color":"","ocean_post_title_background":0,"ocean_post_title_bg_image_position":"","ocean_post_title_bg_image_attachment":"","ocean_post_title_bg_image_repeat":"","ocean_post_title_bg_image_size":"","ocean_post_title_height":0,"ocean_post_title_bg_overlay":0.5,"ocean_post_title_bg_overlay_color":"","ocean_disable_breadcrumbs":"default","ocean_breadcrumbs_color":"","ocean_breadcrumbs_separator_color":"","ocean_breadcrumbs_links_color":"","ocean_breadcrumbs_links_hover_color":"","ocean_display_footer_widgets":"default","ocean_display_footer_bottom":"default","ocean_custom_footer_template":"0","omw_enable_modal_window":"enable"},"product_brand":[],"product_cat":[137],"product_tag":[144],"class_list":{"0":"post-3442","1":"product","2":"type-product","3":"status-publish","4":"has-post-thumbnail","6":"product_cat-kirtasiye","7":"product_tag-kirtasiye-7","9":"entry","10":"has-media","12":"first","13":"instock","14":"sale","15":"taxable","16":"shipping-taxable","17":"purchasable","18":"product-type-simple","19":"col","20":"span_1_of_3","21":"owp-content-center","22":"owp-thumbs-layout-horizontal","23":"owp-btn-normal","24":"owp-tabs-layout-horizontal","25":"has-no-thumbnails"},"acf":[],"_links":{"self":[{"href":"https:\/\/kulkitabevi.com\/index.php\/wp-json\/wp\/v2\/product\/3442","targetHints":{"allow":["GET"]}}],"collection":[{"href":"https:\/\/kulkitabevi.com\/index.php\/wp-json\/wp\/v2\/product"}],"about":[{"href":"https:\/\/kulkitabevi.com\/index.php\/wp-json\/wp\/v2\/types\/product"}],"wp:featuredmedia":[{"embeddable":true,"href":"https:\/\/kulkitabevi.com\/index.php\/wp-json\/wp\/v2\/media\/2942"}],"wp:attachment":[{"href":"https:\/\/kulkitabevi.com\/index.php\/wp-json\/wp\/v2\/media?parent=3442"}],"wp:term":[{"taxonomy":"product_brand","embeddable":true,"href":"https:\/\/kulkitabevi.com\/index.php\/wp-json\/wp\/v2\/product_brand?post=3442"},{"taxonomy":"product_cat","embeddable":true,"href":"https:\/\/kulkitabevi.com\/index.php\/wp-json\/wp\/v2\/product_cat?post=3442"},{"taxonomy":"product_tag","embeddable":true,"href":"https:\/\/kulkitabevi.com\/index.php\/wp-json\/wp\/v2\/product_tag?post=3442"}],"curies":[{"name":"wp","href":"https:\/\/api.w.org\/{rel}","templated":true}]}}