{"id":4331,"date":"2025-08-18T21:59:49","date_gmt":"2025-08-18T18:59:49","guid":{"rendered":"https:\/\/kulkitabevi.com\/?post_type=product&#038;p=4331"},"modified":"2025-08-21T13:55:48","modified_gmt":"2025-08-21T10:55:48","slug":"takev-11tm-dsdib2","status":"publish","type":"product","link":"https:\/\/kulkitabevi.com\/index.php\/urun\/takev-11tm-dsdib2\/","title":{"rendered":"TAKEV 11TM-DSDI++B2 TEMEL SET"},"content":{"rendered":"<table style=\"height: 892px;\" width=\"918\">\n<tbody>\n<tr>\n<td width=\"437\"><strong>11. SINIF T-M T\u00dcRK\u00c7E K\u0130TAPLARI<\/strong><\/td>\n<td width=\"66\"><strong>YAYINEV\u0130<\/strong><\/td>\n<td width=\"72\"><\/td>\n<\/tr>\n<tr>\n<td>MATEMAT\u0130K DAF 11.SINIF<\/td>\n<td>E\u0130S<\/td>\n<td>\u20ba594,00<\/td>\n<\/tr>\n<tr>\n<td>MATEMAT\u0130K SET\u0130 11.SINIF<\/td>\n<td>\u00c7AP<\/td>\n<td>\u20ba579,00<\/td>\n<\/tr>\n<tr>\n<td>TYT MATEMAT\u0130K SORU BANKASI<\/td>\n<td>\u00dc\u00c7D\u00d6RTBE\u015e<\/td>\n<td>\u20ba549,00<\/td>\n<\/tr>\n<tr>\n<td>TYT-AYT KONU ANLATIMLI SORU GEOMETR\u0130-1<\/td>\n<td>\u00dc\u00c7D\u00d6RTBE\u015e<\/td>\n<td>\u20ba549,00<\/td>\n<\/tr>\n<tr>\n<td>TAR\u0130H SORU BANKASI 11.SINIF<\/td>\n<td>E\u0130S<\/td>\n<td>\u20ba324,00<\/td>\n<\/tr>\n<tr>\n<td>CO\u011eRAFYA DAF 11.SINIF<\/td>\n<td>E\u0130S<\/td>\n<td>\u20ba486,00<\/td>\n<\/tr>\n<tr>\n<td>CO\u011eRAFYA SORU BANKASI 11.SINIF<\/td>\n<td>V\u0130P<\/td>\n<td>\u20ba629,00<\/td>\n<\/tr>\n<tr>\n<td>FELSEFE ANLATIM MOD\u00dcL\u00dc 4*4 11.SINIF<\/td>\n<td>PAYLA\u015eIM<\/td>\n<td>\u20ba575,00<\/td>\n<\/tr>\n<tr>\n<td>T\u00dcRK D\u0130L\u0130 VE EDEB\u0130YATI DERS ANLATIM MOD\u00dcL\u00dc KURUMSAL 11.SINIF<\/td>\n<td>HIZ<\/td>\n<td>\u20ba727,00<\/td>\n<\/tr>\n<tr>\n<td>T\u00dcRK D\u0130L\u0130 VE EDEB\u0130YATI SORU BANKASI KURUMSAL 11.SINIF<\/td>\n<td>HIZ<\/td>\n<td>\u20ba413,00<\/td>\n<\/tr>\n<tr>\n<td>1984<\/td>\n<td>\u0130THAK\u0130<\/td>\n<td>\u20ba220,00<\/td>\n<\/tr>\n<tr>\n<td>SERENAD<\/td>\n<td>\u0130NK\u0130LAP<\/td>\n<td>\u20ba410,00<\/td>\n<\/tr>\n<tr>\n<td>D\u00d6N\u00dc\u015e\u00dcM<\/td>\n<td>CAN<\/td>\n<td>\u20ba100,00<\/td>\n<\/tr>\n<tr>\n<td>B\u00dcLB\u00dcL\u00dc \u00d6LD\u00dcRMEK<\/td>\n<td>EPS\u0130LON<\/td>\n<td>\u20ba345,00<\/td>\n<\/tr>\n<tr>\n<td><strong>T\u00dcRK\u00c7E TOPLAM K\u0130TAP \u00dcCRET\u0130<\/strong><\/td>\n<td><\/td>\n<td><strong>\u20ba6.500,00<\/strong><\/td>\n<\/tr>\n<tr>\n<td width=\"437\"><\/td>\n<td><\/td>\n<td><\/td>\n<\/tr>\n<tr>\n<td><strong>ZORUNLU SET<\/strong><\/td>\n<td><\/td>\n<td><\/td>\n<\/tr>\n<tr>\n<td>YILLIK DENEME SINAVLARI<\/td>\n<td>SINAV<\/td>\n<td>\u20ba5.300,00<\/td>\n<\/tr>\n<tr>\n<td>EL\u0130T ANAL\u0130Z D\u0130J\u0130TAL VE K\u0130\u015e\u0130YE \u00d6ZEL K\u0130TAP<\/td>\n<td>EL\u0130T<\/td>\n<td>\u20ba4.800,00<\/td>\n<\/tr>\n<tr>\n<td><strong>ZORUNLU SET \u00dcCRET\u0130<\/strong><\/td>\n<td><\/td>\n<td><strong>\u20ba10.100,00<\/strong><\/td>\n<\/tr>\n<tr>\n<td><\/td>\n<td><\/td>\n<td><\/td>\n<\/tr>\n<tr>\n<td><strong>11. SINIF ALMANCA K\u0130TAP L\u0130STES\u0130<\/strong><\/td>\n<td><\/td>\n<td><\/td>\n<\/tr>\n<tr>\n<td>KLASSE B1\/ Kursbuch (KLETT Verlag)<\/td>\n<td><\/td>\n<td>\u20ba2.350,00<\/td>\n<\/tr>\n<tr>\n<td>KLASSE B1 \/ UBUNGBUCH (KLETT Verlag)<\/td>\n<td><\/td>\n<td>\u20ba1.790,00<\/td>\n<\/tr>\n<tr>\n<td>Lekt\u00fcre: Der Taubenf\u00fctterer (Hueber Verlag)<\/td>\n<td><\/td>\n<td>\u20ba468,00<\/td>\n<\/tr>\n<tr>\n<td><strong>ALMANCA TOPLAM K\u0130TAP \u00dcCRET\u0130<\/strong><\/td>\n<td><\/td>\n<td><strong>\u20ba4.608,00<\/strong><\/td>\n<\/tr>\n<tr>\n<td><\/td>\n<td><\/td>\n<td><\/td>\n<\/tr>\n<tr>\n<td><strong>11. SINF C-D KURU SINIFI \u0130NG\u0130L\u0130ZCE K\u0130TAPLARI<\/strong><\/td>\n<td><\/td>\n<td><\/td>\n<\/tr>\n<tr>\n<td width=\"437\">Complete IELTS,Bands 5-6.5 B2\u00a0 SB<\/td>\n<td><\/td>\n<td>\u20ba2.866,84<\/td>\n<\/tr>\n<tr>\n<td><strong>\u0130NG\u0130L\u0130ZCE TOPLAM K\u0130TAP \u00dcCRET\u0130<\/strong><\/td>\n<td><\/td>\n<td><strong>\u20ba2.866,84<\/strong><\/td>\n<\/tr>\n<tr>\n<td><\/td>\n<td><\/td>\n<td><\/td>\n<\/tr>\n<tr>\n<td><\/td>\n<td><\/td>\n<td><\/td>\n<\/tr>\n<\/tbody>\n<\/table>\n","protected":false},"excerpt":{"rendered":"<p>11. SINIF T-M T\u00dcRK\u00c7E K\u0130TAPLARI YAYINEV\u0130 MATEMAT\u0130K DAF 11.SINIF E\u0130S \u20ba594,00 MATEMAT\u0130K SET\u0130 11.SINIF \u00c7AP \u20ba579,00 TYT MATEMAT\u0130K SORU BANKASI \u00dc\u00c7D\u00d6RTBE\u015e \u20ba549,00 TYT-AYT KONU ANLATIMLI SORU GEOMETR\u0130-1 \u00dc\u00c7D\u00d6RTBE\u015e \u20ba549,00 TAR\u0130H SORU BANKASI 11.SINIF E\u0130S \u20ba324,00 CO\u011eRAFYA DAF 11.SINIF E\u0130S \u20ba486,00 CO\u011eRAFYA SORU BANKASI 11.SINIF V\u0130P \u20ba629,00 FELSEFE ANLATIM MOD\u00dcL\u00dc 4*4 11.SINIF PAYLA\u015eIM \u20ba575,00 T\u00dcRK D\u0130L\u0130 [&hellip;]<\/p>\n","protected":false},"featured_media":2471,"template":"","meta":{"_acf_changed":false,"ocean_post_layout":"","ocean_both_sidebars_style":"","ocean_both_sidebars_content_width":0,"ocean_both_sidebars_sidebars_width":0,"ocean_sidebar":"0","ocean_second_sidebar":"0","ocean_disable_margins":"enable","ocean_add_body_class":"","ocean_shortcode_before_top_bar":"","ocean_shortcode_after_top_bar":"","ocean_shortcode_before_header":"","ocean_shortcode_after_header":"","ocean_has_shortcode":"","ocean_shortcode_after_title":"","ocean_shortcode_before_footer_widgets":"","ocean_shortcode_after_footer_widgets":"","ocean_shortcode_before_footer_bottom":"","ocean_shortcode_after_footer_bottom":"","ocean_display_top_bar":"default","ocean_display_header":"default","ocean_header_style":"","ocean_center_header_left_menu":"0","ocean_custom_header_template":"0","ocean_custom_logo":0,"ocean_custom_retina_logo":0,"ocean_custom_logo_max_width":0,"ocean_custom_logo_tablet_max_width":0,"ocean_custom_logo_mobile_max_width":0,"ocean_custom_logo_max_height":0,"ocean_custom_logo_tablet_max_height":0,"ocean_custom_logo_mobile_max_height":0,"ocean_header_custom_menu":"0","ocean_menu_typo_font_family":"0","ocean_menu_typo_font_subset":"","ocean_menu_typo_font_size":0,"ocean_menu_typo_font_size_tablet":0,"ocean_menu_typo_font_size_mobile":0,"ocean_menu_typo_font_size_unit":"px","ocean_menu_typo_font_weight":"","ocean_menu_typo_font_weight_tablet":"","ocean_menu_typo_font_weight_mobile":"","ocean_menu_typo_transform":"","ocean_menu_typo_transform_tablet":"","ocean_menu_typo_transform_mobile":"","ocean_menu_typo_line_height":0,"ocean_menu_typo_line_height_tablet":0,"ocean_menu_typo_line_height_mobile":0,"ocean_menu_typo_line_height_unit":"","ocean_menu_typo_spacing":0,"ocean_menu_typo_spacing_tablet":0,"ocean_menu_typo_spacing_mobile":0,"ocean_menu_typo_spacing_unit":"","ocean_menu_link_color":"","ocean_menu_link_color_hover":"","ocean_menu_link_color_active":"","ocean_menu_link_background":"","ocean_menu_link_hover_background":"","ocean_menu_link_active_background":"","ocean_menu_social_links_bg":"","ocean_menu_social_hover_links_bg":"","ocean_menu_social_links_color":"","ocean_menu_social_hover_links_color":"","ocean_disable_title":"default","ocean_disable_heading":"default","ocean_post_title":"","ocean_post_subheading":"","ocean_post_title_style":"","ocean_post_title_background_color":"","ocean_post_title_background":0,"ocean_post_title_bg_image_position":"","ocean_post_title_bg_image_attachment":"","ocean_post_title_bg_image_repeat":"","ocean_post_title_bg_image_size":"","ocean_post_title_height":0,"ocean_post_title_bg_overlay":0.5,"ocean_post_title_bg_overlay_color":"","ocean_disable_breadcrumbs":"default","ocean_breadcrumbs_color":"","ocean_breadcrumbs_separator_color":"","ocean_breadcrumbs_links_color":"","ocean_breadcrumbs_links_hover_color":"","ocean_display_footer_widgets":"default","ocean_display_footer_bottom":"default","ocean_custom_footer_template":"0","omw_enable_modal_window":"enable"},"product_brand":[],"product_cat":[198,15],"product_tag":[],"class_list":{"0":"post-4331","1":"product","2":"type-product","3":"status-publish","4":"has-post-thumbnail","6":"product_cat-11-sinif","7":"product_cat-genel","9":"entry","10":"has-media","12":"first","13":"instock","14":"taxable","15":"shipping-taxable","16":"purchasable","17":"product-type-simple","18":"col","19":"span_1_of_3","20":"owp-content-center","21":"owp-thumbs-layout-horizontal","22":"owp-btn-normal","23":"owp-tabs-layout-horizontal","24":"has-no-thumbnails"},"acf":[],"_links":{"self":[{"href":"https:\/\/kulkitabevi.com\/index.php\/wp-json\/wp\/v2\/product\/4331","targetHints":{"allow":["GET"]}}],"collection":[{"href":"https:\/\/kulkitabevi.com\/index.php\/wp-json\/wp\/v2\/product"}],"about":[{"href":"https:\/\/kulkitabevi.com\/index.php\/wp-json\/wp\/v2\/types\/product"}],"wp:featuredmedia":[{"embeddable":true,"href":"https:\/\/kulkitabevi.com\/index.php\/wp-json\/wp\/v2\/media\/2471"}],"wp:attachment":[{"href":"https:\/\/kulkitabevi.com\/index.php\/wp-json\/wp\/v2\/media?parent=4331"}],"wp:term":[{"taxonomy":"product_brand","embeddable":true,"href":"https:\/\/kulkitabevi.com\/index.php\/wp-json\/wp\/v2\/product_brand?post=4331"},{"taxonomy":"product_cat","embeddable":true,"href":"https:\/\/kulkitabevi.com\/index.php\/wp-json\/wp\/v2\/product_cat?post=4331"},{"taxonomy":"product_tag","embeddable":true,"href":"https:\/\/kulkitabevi.com\/index.php\/wp-json\/wp\/v2\/product_tag?post=4331"}],"curies":[{"name":"wp","href":"https:\/\/api.w.org\/{rel}","templated":true}]}}