{"id":5340,"date":"2025-08-28T09:37:34","date_gmt":"2025-08-28T06:37:34","guid":{"rendered":"https:\/\/kulkitabevi.com\/?post_type=product&#038;p=5340"},"modified":"2025-08-28T09:39:12","modified_gmt":"2025-08-28T06:39:12","slug":"takev-2-sinif-personel-zorunlu-set","status":"publish","type":"product","link":"https:\/\/kulkitabevi.com\/index.php\/urun\/takev-2-sinif-personel-zorunlu-set\/","title":{"rendered":"TAKEV 2.SINIF PERSONEL ZORUNLU SET"},"content":{"rendered":"<table style=\"height: 270px;\" width=\"897\">\n<tbody>\n<tr>\n<td width=\"64\"><strong>SINIF<\/strong><\/td>\n<td width=\"366\"><strong>D\u0130J\u0130TAL SETLER<\/strong><\/td>\n<td width=\"175\"><\/td>\n<td width=\"97\"><\/td>\n<\/tr>\n<tr>\n<td>2<\/td>\n<td colspan=\"3\">STEAM SET\u0130<\/td>\n<\/tr>\n<tr>\n<td>2<\/td>\n<td colspan=\"3\">MORPA KAMP\u00dcS<\/td>\n<\/tr>\n<tr>\n<td>2<\/td>\n<td colspan=\"3\">HAYAL B\u0130LG\u0130S\u0130 VE E\u011e\u0130T. S\u0130ST.D\u00dc\u015e\u00dcNCES\u0130<\/td>\n<\/tr>\n<tr>\n<td>2<\/td>\n<td colspan=\"3\">KODR\u0130S STUD\u0130O PAKET<\/td>\n<\/tr>\n<tr>\n<td>2<\/td>\n<td colspan=\"3\">Minti Kid (internet portal\u0131) + Arbeitsbuch<\/td>\n<\/tr>\n<tr>\n<td>2<\/td>\n<td colspan=\"3\">GLOBED ROSEN LEVELUP<\/td>\n<\/tr>\n<tr>\n<td><\/td>\n<td><\/td>\n<td><strong>D\u0130J\u0130TAL SET TOPLAMI<\/strong><\/td>\n<td><strong>\u20ba1.600,00<\/strong><\/td>\n<\/tr>\n<\/tbody>\n<\/table>\n","protected":false},"excerpt":{"rendered":"<p>SINIF D\u0130J\u0130TAL SETLER 2 STEAM SET\u0130 2 MORPA KAMP\u00dcS 2 HAYAL B\u0130LG\u0130S\u0130 VE E\u011e\u0130T. S\u0130ST.D\u00dc\u015e\u00dcNCES\u0130 2 KODR\u0130S STUD\u0130O PAKET 2 Minti Kid (internet portal\u0131) + Arbeitsbuch 2 GLOBED ROSEN LEVELUP D\u0130J\u0130TAL SET TOPLAMI \u20ba1.600,00<\/p>\n","protected":false},"featured_media":2537,"template":"","meta":{"_acf_changed":false,"ocean_post_layout":"","ocean_both_sidebars_style":"","ocean_both_sidebars_content_width":0,"ocean_both_sidebars_sidebars_width":0,"ocean_sidebar":"0","ocean_second_sidebar":"0","ocean_disable_margins":"enable","ocean_add_body_class":"","ocean_shortcode_before_top_bar":"","ocean_shortcode_after_top_bar":"","ocean_shortcode_before_header":"","ocean_shortcode_after_header":"","ocean_has_shortcode":"","ocean_shortcode_after_title":"","ocean_shortcode_before_footer_widgets":"","ocean_shortcode_after_footer_widgets":"","ocean_shortcode_before_footer_bottom":"","ocean_shortcode_after_footer_bottom":"","ocean_display_top_bar":"default","ocean_display_header":"default","ocean_header_style":"","ocean_center_header_left_menu":"0","ocean_custom_header_template":"0","ocean_custom_logo":0,"ocean_custom_retina_logo":0,"ocean_custom_logo_max_width":0,"ocean_custom_logo_tablet_max_width":0,"ocean_custom_logo_mobile_max_width":0,"ocean_custom_logo_max_height":0,"ocean_custom_logo_tablet_max_height":0,"ocean_custom_logo_mobile_max_height":0,"ocean_header_custom_menu":"0","ocean_menu_typo_font_family":"0","ocean_menu_typo_font_subset":"","ocean_menu_typo_font_size":0,"ocean_menu_typo_font_size_tablet":0,"ocean_menu_typo_font_size_mobile":0,"ocean_menu_typo_font_size_unit":"px","ocean_menu_typo_font_weight":"","ocean_menu_typo_font_weight_tablet":"","ocean_menu_typo_font_weight_mobile":"","ocean_menu_typo_transform":"","ocean_menu_typo_transform_tablet":"","ocean_menu_typo_transform_mobile":"","ocean_menu_typo_line_height":0,"ocean_menu_typo_line_height_tablet":0,"ocean_menu_typo_line_height_mobile":0,"ocean_menu_typo_line_height_unit":"","ocean_menu_typo_spacing":0,"ocean_menu_typo_spacing_tablet":0,"ocean_menu_typo_spacing_mobile":0,"ocean_menu_typo_spacing_unit":"","ocean_menu_link_color":"","ocean_menu_link_color_hover":"","ocean_menu_link_color_active":"","ocean_menu_link_background":"","ocean_menu_link_hover_background":"","ocean_menu_link_active_background":"","ocean_menu_social_links_bg":"","ocean_menu_social_hover_links_bg":"","ocean_menu_social_links_color":"","ocean_menu_social_hover_links_color":"","ocean_disable_title":"default","ocean_disable_heading":"default","ocean_post_title":"","ocean_post_subheading":"","ocean_post_title_style":"","ocean_post_title_background_color":"","ocean_post_title_background":0,"ocean_post_title_bg_image_position":"","ocean_post_title_bg_image_attachment":"","ocean_post_title_bg_image_repeat":"","ocean_post_title_bg_image_size":"","ocean_post_title_height":0,"ocean_post_title_bg_overlay":0.5,"ocean_post_title_bg_overlay_color":"","ocean_disable_breadcrumbs":"default","ocean_breadcrumbs_color":"","ocean_breadcrumbs_separator_color":"","ocean_breadcrumbs_links_color":"","ocean_breadcrumbs_links_hover_color":"","ocean_display_footer_widgets":"default","ocean_display_footer_bottom":"default","ocean_custom_footer_template":"0","omw_enable_modal_window":"enable"},"product_brand":[],"product_cat":[173],"product_tag":[178],"class_list":{"0":"post-5340","1":"product","2":"type-product","3":"status-publish","4":"has-post-thumbnail","6":"product_cat-2-sinif","7":"product_tag-2-sinif-personel","9":"entry","10":"has-media","12":"first","13":"instock","14":"taxable","15":"shipping-taxable","16":"purchasable","17":"product-type-simple","18":"col","19":"span_1_of_3","20":"owp-content-center","21":"owp-thumbs-layout-horizontal","22":"owp-btn-normal","23":"owp-tabs-layout-horizontal","24":"has-no-thumbnails"},"acf":[],"_links":{"self":[{"href":"https:\/\/kulkitabevi.com\/index.php\/wp-json\/wp\/v2\/product\/5340","targetHints":{"allow":["GET"]}}],"collection":[{"href":"https:\/\/kulkitabevi.com\/index.php\/wp-json\/wp\/v2\/product"}],"about":[{"href":"https:\/\/kulkitabevi.com\/index.php\/wp-json\/wp\/v2\/types\/product"}],"wp:featuredmedia":[{"embeddable":true,"href":"https:\/\/kulkitabevi.com\/index.php\/wp-json\/wp\/v2\/media\/2537"}],"wp:attachment":[{"href":"https:\/\/kulkitabevi.com\/index.php\/wp-json\/wp\/v2\/media?parent=5340"}],"wp:term":[{"taxonomy":"product_brand","embeddable":true,"href":"https:\/\/kulkitabevi.com\/index.php\/wp-json\/wp\/v2\/product_brand?post=5340"},{"taxonomy":"product_cat","embeddable":true,"href":"https:\/\/kulkitabevi.com\/index.php\/wp-json\/wp\/v2\/product_cat?post=5340"},{"taxonomy":"product_tag","embeddable":true,"href":"https:\/\/kulkitabevi.com\/index.php\/wp-json\/wp\/v2\/product_tag?post=5340"}],"curies":[{"name":"wp","href":"https:\/\/api.w.org\/{rel}","templated":true}]}}