{"id":5602,"date":"2025-08-29T18:33:22","date_gmt":"2025-08-29T15:33:22","guid":{"rendered":"https:\/\/kulkitabevi.com\/?post_type=product&#038;p=5602"},"modified":"2025-08-29T18:34:53","modified_gmt":"2025-08-29T15:34:53","slug":"takev-9-and-a2e-temel-set","status":"publish","type":"product","link":"https:\/\/kulkitabevi.com\/index.php\/urun\/takev-9-and-a2e-temel-set\/","title":{"rendered":"TAKEV 9 AND A2E TEMEL SET"},"content":{"rendered":"<table style=\"height: 871px;\" width=\"868\">\n<tbody>\n<tr>\n<td width=\"380\"><strong>9. SINIF T\u00dcRK\u00c7E K\u0130TAPLARI<\/strong><\/td>\n<td width=\"69\"><strong>YAYINEV\u0130<\/strong><\/td>\n<td width=\"72\"><\/td>\n<\/tr>\n<tr>\n<td>MATEMAT\u0130K DAF 9.SINIF<\/td>\n<td>E\u0130S<\/td>\n<td>\u20ba689,00<\/td>\n<\/tr>\n<tr>\n<td>KAVRAMSAL F\u0130Z\u0130K SER\u0130S\u0130 9.SINIF<\/td>\n<td>F\u0130Z\u0130PED\u0130A<\/td>\n<td>\u20ba399,00<\/td>\n<\/tr>\n<tr>\n<td>K\u0130MYA DERS ANLATIM MOD\u00dcLLER\u0130 9.SINIF<\/td>\n<td>PAYLA\u015eIM<\/td>\n<td>\u20ba689,00<\/td>\n<\/tr>\n<tr>\n<td>B\u0130YOLOJ\u0130 SORU BANKASI 9.SINIF<\/td>\n<td>B\u0130YOT\u0130K<\/td>\n<td>\u20ba339,00<\/td>\n<\/tr>\n<tr>\n<td>CO\u011eRAFYA DAF 9.SINIF<\/td>\n<td>E\u0130S<\/td>\n<td>\u20ba432,00<\/td>\n<\/tr>\n<tr>\n<td>T\u00dcRK D\u0130L\u0130 VE EDEB\u0130YATI DERS ANLATIM FAS\u0130K\u00dcL\u00dc<\/td>\n<td>V\u0130P<\/td>\n<td>\u20ba799,00<\/td>\n<\/tr>\n<tr>\n<td>S\u0130MYACI<\/td>\n<td>CAN<\/td>\n<td>\u20ba295,00<\/td>\n<\/tr>\n<tr>\n<td>\u00c7ALIKU\u015eU<\/td>\n<td>\u0130NK\u0130LAP<\/td>\n<td>\u20ba660,00<\/td>\n<\/tr>\n<tr>\n<td>AH MANA MU<\/td>\n<td>YAKIN<\/td>\n<td>\u20ba380,00<\/td>\n<\/tr>\n<tr>\n<td>AKLINDAN B\u0130R SAYI TUT<\/td>\n<td>KOR\u0130DOR<\/td>\n<td>\u20ba340,00<\/td>\n<\/tr>\n<tr>\n<td><strong>T\u00dcRK\u00c7E TOPLAM K\u0130TAP \u00dcCRET\u0130<\/strong><\/td>\n<td><\/td>\n<td><strong>\u20ba5.022,00<\/strong><\/td>\n<\/tr>\n<tr>\n<td><\/td>\n<td><\/td>\n<td><\/td>\n<\/tr>\n<tr>\n<td><strong>ZORUNLU SET<\/strong><\/td>\n<td><\/td>\n<td><\/td>\n<\/tr>\n<tr>\n<td>V\u0130TES SINAV SET\u0130<\/td>\n<td>V\u0130P<\/td>\n<td>\u20ba1.200,00<\/td>\n<\/tr>\n<tr>\n<td>EL\u0130T ANAL\u0130Z D\u0130J\u0130TAL VE K\u0130\u015e\u0130YE \u00d6ZEL K\u0130TAP<\/td>\n<td>EL\u0130T<\/td>\n<td>\u20ba3.350,00<\/td>\n<\/tr>\n<tr>\n<td><strong>ZORUNLU SET \u00dcCRET\u0130<\/strong><\/td>\n<td><\/td>\n<td><strong>\u20ba4.550,00<\/strong><\/td>\n<\/tr>\n<tr>\n<td><\/td>\n<td><\/td>\n<td><\/td>\n<\/tr>\n<tr>\n<td><strong>9. SINIF ALMANCA K\u0130TAP L\u0130STES\u0130<\/strong><\/td>\n<td><\/td>\n<td><\/td>\n<\/tr>\n<tr>\n<td>Aspekte Junior B1+ Kursbuch (Klett Verlag)<\/td>\n<td><\/td>\n<td>\u20ba2.700,00<\/td>\n<\/tr>\n<tr>\n<td>Aspekte Junior B1+ Arbeitsbuch\u00a0 (Klett Verlag)<\/td>\n<td><\/td>\n<td>\u20ba1.965,00<\/td>\n<\/tr>\n<tr>\n<td>Lekt\u00fcre: Der Passagier (Hueber Verlag)<\/td>\n<td><\/td>\n<td>\u20ba468,00<\/td>\n<\/tr>\n<tr>\n<td><strong>ALMANCA TOPLAM K\u0130TAP \u00dcCRET\u0130<\/strong><\/td>\n<td><\/td>\n<td><strong>\u20ba5.133,00<\/strong><\/td>\n<\/tr>\n<tr>\n<td><\/td>\n<td><\/td>\n<td><\/td>\n<\/tr>\n<tr>\n<td><strong>9. SINIF \u0130NG\u0130L\u0130ZCE K\u0130TAPLARI<\/strong><\/td>\n<td><\/td>\n<td><\/td>\n<\/tr>\n<tr>\n<td width=\"380\">Close Up B2 SB &amp; WB<\/td>\n<td><\/td>\n<td>\u20ba4.490,00<\/td>\n<\/tr>\n<tr>\n<td>Mrs.Dalloway<\/td>\n<td><\/td>\n<td>\u20ba472,30<\/td>\n<\/tr>\n<tr>\n<td>Nineteen Eighty Four<\/td>\n<td><\/td>\n<td>\u20ba540,00<\/td>\n<\/tr>\n<tr>\n<td><strong>\u0130NG\u0130L\u0130ZCE TOPLAM K\u0130TAP \u00dcCRET\u0130<\/strong><\/td>\n<td><\/td>\n<td><strong>\u20ba5.502,30<\/strong><\/td>\n<\/tr>\n<\/tbody>\n<\/table>\n","protected":false},"excerpt":{"rendered":"<p>9. SINIF T\u00dcRK\u00c7E K\u0130TAPLARI YAYINEV\u0130 MATEMAT\u0130K DAF 9.SINIF E\u0130S \u20ba689,00 KAVRAMSAL F\u0130Z\u0130K SER\u0130S\u0130 9.SINIF F\u0130Z\u0130PED\u0130A \u20ba399,00 K\u0130MYA DERS ANLATIM MOD\u00dcLLER\u0130 9.SINIF PAYLA\u015eIM \u20ba689,00 B\u0130YOLOJ\u0130 SORU BANKASI 9.SINIF B\u0130YOT\u0130K \u20ba339,00 CO\u011eRAFYA DAF 9.SINIF E\u0130S \u20ba432,00 T\u00dcRK D\u0130L\u0130 VE EDEB\u0130YATI DERS ANLATIM FAS\u0130K\u00dcL\u00dc V\u0130P \u20ba799,00 S\u0130MYACI CAN \u20ba295,00 \u00c7ALIKU\u015eU \u0130NK\u0130LAP \u20ba660,00 AH MANA MU YAKIN \u20ba380,00 AKLINDAN [&hellip;]<\/p>\n","protected":false},"featured_media":2471,"template":"","meta":{"_acf_changed":false,"ocean_post_layout":"","ocean_both_sidebars_style":"","ocean_both_sidebars_content_width":0,"ocean_both_sidebars_sidebars_width":0,"ocean_sidebar":"0","ocean_second_sidebar":"0","ocean_disable_margins":"enable","ocean_add_body_class":"","ocean_shortcode_before_top_bar":"","ocean_shortcode_after_top_bar":"","ocean_shortcode_before_header":"","ocean_shortcode_after_header":"","ocean_has_shortcode":"","ocean_shortcode_after_title":"","ocean_shortcode_before_footer_widgets":"","ocean_shortcode_after_footer_widgets":"","ocean_shortcode_before_footer_bottom":"","ocean_shortcode_after_footer_bottom":"","ocean_display_top_bar":"default","ocean_display_header":"default","ocean_header_style":"","ocean_center_header_left_menu":"0","ocean_custom_header_template":"0","ocean_custom_logo":0,"ocean_custom_retina_logo":0,"ocean_custom_logo_max_width":0,"ocean_custom_logo_tablet_max_width":0,"ocean_custom_logo_mobile_max_width":0,"ocean_custom_logo_max_height":0,"ocean_custom_logo_tablet_max_height":0,"ocean_custom_logo_mobile_max_height":0,"ocean_header_custom_menu":"0","ocean_menu_typo_font_family":"0","ocean_menu_typo_font_subset":"","ocean_menu_typo_font_size":0,"ocean_menu_typo_font_size_tablet":0,"ocean_menu_typo_font_size_mobile":0,"ocean_menu_typo_font_size_unit":"px","ocean_menu_typo_font_weight":"","ocean_menu_typo_font_weight_tablet":"","ocean_menu_typo_font_weight_mobile":"","ocean_menu_typo_transform":"","ocean_menu_typo_transform_tablet":"","ocean_menu_typo_transform_mobile":"","ocean_menu_typo_line_height":0,"ocean_menu_typo_line_height_tablet":0,"ocean_menu_typo_line_height_mobile":0,"ocean_menu_typo_line_height_unit":"","ocean_menu_typo_spacing":0,"ocean_menu_typo_spacing_tablet":0,"ocean_menu_typo_spacing_mobile":0,"ocean_menu_typo_spacing_unit":"","ocean_menu_link_color":"","ocean_menu_link_color_hover":"","ocean_menu_link_color_active":"","ocean_menu_link_background":"","ocean_menu_link_hover_background":"","ocean_menu_link_active_background":"","ocean_menu_social_links_bg":"","ocean_menu_social_hover_links_bg":"","ocean_menu_social_links_color":"","ocean_menu_social_hover_links_color":"","ocean_disable_title":"default","ocean_disable_heading":"default","ocean_post_title":"","ocean_post_subheading":"","ocean_post_title_style":"","ocean_post_title_background_color":"","ocean_post_title_background":0,"ocean_post_title_bg_image_position":"","ocean_post_title_bg_image_attachment":"","ocean_post_title_bg_image_repeat":"","ocean_post_title_bg_image_size":"","ocean_post_title_height":0,"ocean_post_title_bg_overlay":0.5,"ocean_post_title_bg_overlay_color":"","ocean_disable_breadcrumbs":"default","ocean_breadcrumbs_color":"","ocean_breadcrumbs_separator_color":"","ocean_breadcrumbs_links_color":"","ocean_breadcrumbs_links_hover_color":"","ocean_display_footer_widgets":"default","ocean_display_footer_bottom":"default","ocean_custom_footer_template":"0","omw_enable_modal_window":"enable"},"product_brand":[],"product_cat":[208],"product_tag":[209],"class_list":{"0":"post-5602","1":"product","2":"type-product","3":"status-publish","4":"has-post-thumbnail","6":"product_cat-9-sinif","7":"product_tag-9-sinif","9":"entry","10":"has-media","12":"first","13":"instock","14":"taxable","15":"shipping-taxable","16":"purchasable","17":"product-type-simple","18":"col","19":"span_1_of_3","20":"owp-content-center","21":"owp-thumbs-layout-horizontal","22":"owp-btn-normal","23":"owp-tabs-layout-horizontal","24":"has-no-thumbnails"},"acf":[],"_links":{"self":[{"href":"https:\/\/kulkitabevi.com\/index.php\/wp-json\/wp\/v2\/product\/5602","targetHints":{"allow":["GET"]}}],"collection":[{"href":"https:\/\/kulkitabevi.com\/index.php\/wp-json\/wp\/v2\/product"}],"about":[{"href":"https:\/\/kulkitabevi.com\/index.php\/wp-json\/wp\/v2\/types\/product"}],"wp:featuredmedia":[{"embeddable":true,"href":"https:\/\/kulkitabevi.com\/index.php\/wp-json\/wp\/v2\/media\/2471"}],"wp:attachment":[{"href":"https:\/\/kulkitabevi.com\/index.php\/wp-json\/wp\/v2\/media?parent=5602"}],"wp:term":[{"taxonomy":"product_brand","embeddable":true,"href":"https:\/\/kulkitabevi.com\/index.php\/wp-json\/wp\/v2\/product_brand?post=5602"},{"taxonomy":"product_cat","embeddable":true,"href":"https:\/\/kulkitabevi.com\/index.php\/wp-json\/wp\/v2\/product_cat?post=5602"},{"taxonomy":"product_tag","embeddable":true,"href":"https:\/\/kulkitabevi.com\/index.php\/wp-json\/wp\/v2\/product_tag?post=5602"}],"curies":[{"name":"wp","href":"https:\/\/api.w.org\/{rel}","templated":true}]}}